{"id":10198,"date":"2021-04-07T09:20:56","date_gmt":"2021-04-07T07:20:56","guid":{"rendered":"https:\/\/palazzospinola.cultura.gov.it\/visita\/"},"modified":"2026-03-24T07:57:47","modified_gmt":"2026-03-24T06:57:47","slug":"visita","status":"publish","type":"page","link":"https:\/\/palazzospinola.cultura.gov.it\/en\/visita\/","title":{"rendered":"Plan your visit"},"content":{"rendered":"\n<div class=\"wp-block-columns is-layout-flex wp-container-core-columns-is-layout-9d6595d7 wp-block-columns-is-layout-flex\">\n<div class=\"wp-block-column is-layout-flow wp-block-column-is-layout-flow\">\n<h2 class=\"wp-block-heading has-large-font-size\">Timetables<\/h2>\n\n\n\n<div style=\"height:30px\" aria-hidden=\"true\" class=\"wp-block-spacer\"><\/div>\n\n\n\n<ul class=\"wp-block-list\">\n<li>TUESDAY from 1:30 p.m. to 7:00 p.m. (last admission at 6:30 p.m.)<\/li>\n\n\n\n<li>WEDNESDAY, THURSDAY, FRIDAY and SATURDAY from 9:00 to 19:00 (last admission at 18:30)<\/li>\n\n\n\n<li>FIRST and THIRD SUNDAY of the month from 1:30 p.m. to 7:00 p.m. (last admission at 6:30 p.m.) &#8211; Admission is free on the first Sunday of the month<\/li>\n\n\n\n<li>Closed on Mondays and Sundays (except the first and the third Sunday of the month)<\/li>\n<\/ul>\n\n\n\n<div style=\"height:30px\" aria-hidden=\"true\" class=\"wp-block-spacer\"><\/div>\n\n\n\n<div class=\"wp-block-buttons is-content-justification-center is-layout-flex wp-container-core-buttons-is-layout-16018d1d wp-block-buttons-is-layout-flex\">\n<div class=\"wp-block-button is-style-fill\"><a class=\"wp-block-button__link has-primary-dark-background-color has-background wp-element-button\" href=\"https:\/\/palazzorealegenova.cultura.gov.it\/orari-e-biglietti\/\">click here to find out the opening hours of the Royal Palace<\/a><\/div>\n<\/div>\n\n\n\n<div style=\"height:30px\" aria-hidden=\"true\" class=\"wp-block-spacer\"><\/div>\n\n\n\n<h2 class=\"wp-block-heading\"><strong>Special openings<\/strong><\/h2>\n\n\n\n<div style=\"height:10px\" aria-hidden=\"true\" class=\"wp-block-spacer\"><\/div>\n\n\n\n<p><\/p>\n\n\n\n<ul class=\"wp-block-list\">\n<li>Sunday, March 1 \/ 1:30 pm\u20137:00 pm | #Domenicalmuseo \u2013 free admission<\/li>\n\n\n\n<li><strong><a href=\"http:\/\/Dimanche 1er mars \/ 13h30\u201319h00 #DimancheAuMus\u00e9e \u2013 entr\u00e9e gratuite  Rolli Days 2026. Partager, c\u2019est prot\u00e9ger | 27-28-29 mars. Les Mus\u00e9es nationaux de G\u00eanes seront ouverts aux horaires habituels avec la billetterie ordinaire, sans r\u00e9servation :  Vendredi 27 mars 9h00\u201319h00  Samedi 28 mars 9h00\u201319h00  Dimanche 29 mars FERM\u00c9\">Rolli Days 2026 | March 27\u201328\u201329<\/a><\/strong>. The National Museums of Genoa will be open with regular hours and standard admission, no reservation required:<\/li>\n\n\n\n<li>Friday, March 27 9:00 am\u20137:00 pm<\/li>\n\n\n\n<li>Saturday, March 28 9:00 am\u20137:00 pm<\/li>\n\n\n\n<li>Sunday, March 29 CLOSED<\/li>\n\n\n\n<li><strong>Easter Sunday<\/strong> | <strong>April 5 <\/strong>1:30 pm \u2013 7:00 pm | #Domenicalmuseo \u2013 free Admission<\/li>\n\n\n\n<li><strong>Easter Monday | April 6<\/strong> 1:30 PM \u2013 7:00 PM<\/li>\n\n\n\n<li>Tuesday, April 7 Closed (Compensatory weekly closure)<\/li>\n<\/ul>\n\n\n\n<div style=\"height:30px\" aria-hidden=\"true\" class=\"wp-block-spacer\"><\/div>\n\n\n\n<figure class=\"wp-block-image size-full is-resized\"><a href=\"https:\/\/palazzospinola.cultura.gov.it\/calendario-eventi-musei-nazionali-di-genova-giugno-2023\/\"><img decoding=\"async\" src=\"https:\/\/palazzospinola.cultura.gov.it\/wp-content\/uploads\/2023\/02\/calendario-MNG-febbraio-marzo-copertina-part-3.jpg\" alt=\"\" class=\"wp-image-6278\" style=\"aspect-ratio:0.9401041666666666;width:289px;height:auto\"\/><\/a><\/figure>\n<\/div>\n\n\n\n<div class=\"wp-block-column is-layout-flow wp-block-column-is-layout-flow\" style=\"flex-basis:60%\">\n<blockquote class=\"wp-block-quote is-layout-flow wp-block-quote-is-layout-flow\">\n<p>Please note that until mid-June 2026, the third and fourth floors of the Galleria Nazionale di Palazzo Spinola will be closed to the public while technical system upgrades are being carried out.<\/p>\n\n\n\n<p>Visitors can explore the two historic floors, featuring frescoed rooms, paintings from the Spinola art collection, and antique furnishings. The historic kitchens will also remain open to visitors.<\/p>\n<\/blockquote>\n\n\n\n<div class=\"wp-block-buttons is-content-justification-center is-layout-flex wp-container-core-buttons-is-layout-16018d1d wp-block-buttons-is-layout-flex\">\n<div class=\"wp-block-button is-style-fill\"><a class=\"wp-block-button__link has-gray-7-color has-secondary-background-color has-text-color has-background has-link-color wp-element-button\" href=\"https:\/\/palazzospinola.cultura.gov.it\/prestiti-e-restauri\/\"><strong>Works on loan and under restoration<\/strong><\/a><\/div>\n<\/div>\n\n\n\n<div style=\"height:50px\" aria-hidden=\"true\" class=\"wp-block-spacer\"><\/div>\n\n\n\n<h2 class=\"wp-block-heading has-large-font-size\" id=\"biglietti\">Tickets<\/h2>\n\n\n\n<div style=\"height:10px\" aria-hidden=\"true\" class=\"wp-block-spacer\"><\/div>\n\n\n\n<ul class=\"wp-block-list\">\n<li><strong>\u20ac 12 SINGLE TICKET<\/strong> Palazzo Spinola and Galleria Nazionale della Liguria + Palazzo Reale Museum*. The ticket is valid for one year from the date of issue and does not require booking.<\/li>\n<\/ul>\n\n\n\n<p class=\"has-text-align-center\"><strong>Throughout March and April 2026, the <strong>combined ticket<\/strong> for the National Museums of Genoa is available at the <strong>special rate of \u20ac8.00<\/strong> (reduced from \u20ac12.00).<\/strong><\/p>\n\n\n\n<p><\/p>\n\n\n\n<ul class=\"wp-block-list\">\n<li><strong>\u20ac 2 SINGLE REDUCED TICKET <\/strong>18-25 years <strong>from EU<\/strong> Palazzo Spinola and Galleria Nazionale della Liguria + Palazzo Reale Museum*. The ticket is valid for one year from the date of issue and does not require booking.<\/li>\n\n\n\n<li><strong>FREE<\/strong><br><em>Under<\/em> 18, holders of the <a href=\"https:\/\/palazzospinola.cultura.gov.it\/visita\/membership\/\">Card of the National Museums of Genoa<\/a> and of the <a href=\"https:\/\/www.museidigenova.it\/it\/card-musei\">Genova Museum Card<\/a> (24h, 48h, 72h, annual and student annual) and eligible persons (<a href=\"https:\/\/www.beniculturali.it\/agevolazioni\" target=\"_blank\" rel=\"noreferrer noopener\">https:\/\/www.beniculturali.it\/agevolazioni<\/a>); Families with <a href=\"https:\/\/palazzospinola.cultura.gov.it\/en\/a-healing-relationship\/\">Passes \u201cA relationship that heals. The National Museums of Liguria for Gaslini\u201d<\/a><\/li>\n\n\n\n<li><a href=\"https:\/\/palazzospinola.cultura.gov.it\/visita\/membership\/\"><strong>NATIONAL MUSEUMS OF GENOA CARD<\/strong><\/a> (Children, Young People, Adults, Families). Unlimited admissions for a whole year from the date of issue and other exclusive benefits<\/li>\n\n\n\n<li>The National Museums of Genoa are included in the <a href=\"https:\/\/www.museidigenova.it\/en\/museum-card\">Genoa Museum Card<\/a> and <a href=\"https:\/\/www.genovacitypass.it\/\">Genoa City Pass <\/a>circuits.<\/li>\n\n\n\n<li><strong>Special Promotion: Van Dyck. L&#8217;Europeo<\/strong> | Visitors holding a ticket for the exhibition <em><a href=\"https:\/\/palazzoducale.genova.it\/en\/mostra\/van-dyck-the-european\/\"><strong>Van Dyck. L&#8217;Europeo<\/strong><\/a><\/em> at <strong>Palazzo Ducale<\/strong> (March 20 \u2013 July 19, 2026) are entitled to a <strong>special admission fee of \u20ac 8<\/strong> for the National Museums of Genoa (Palazzo Reale and Palazzo Spinola) throughout the exhibition period. Conversely, visitors with a National Museums of Genoa ticket can access the <em><em><a href=\"https:\/\/palazzoducale.genova.it\/en\/mostra\/van-dyck-the-european\/\"><strong>Van Dyck. L&#8217;Europeo<\/strong><\/a><\/em><\/em> exhibition at <strong>Palazzo Ducale<\/strong> at the <strong>reduced rate of \u20ac 13<\/strong>.<\/li>\n<\/ul>\n\n\n\n<div style=\"height:20px\" aria-hidden=\"true\" class=\"wp-block-spacer\"><\/div>\n\n\n\n<p>The single ticket for Genoa&#8217;s National Museums (Palazzo Reale* and Palazzo Spinola) can be purchased from the ticket offices of either museum or online at no extra cost.<\/p>\n\n\n\n<p>It is valid for one year from the date of issue and can be used to access both sites, even on different days.<\/p>\n\n\n\n<p>The museum ticket offices are open until 30 minutes before closing time.<\/p>\n\n\n\n<p><\/p>\n\n\n\n<p>* <em>From 13 January 13 through the end of March 2026, the Second Piano Nobile of Palazzo Reale will be closed for major renovation work on the lighting systems.<br>The Appartamento dei Principi ereditari (Apartment of the Crown Princes) will be open to visitors during this period.<\/em><\/p>\n\n\n\n<div style=\"height:30px\" aria-hidden=\"true\" class=\"wp-block-spacer\"><\/div>\n\n\n\n<div class=\"wp-block-buttons is-horizontal is-content-justification-center is-layout-flex wp-container-core-buttons-is-layout-499968f5 wp-block-buttons-is-layout-flex\">\n<div class=\"wp-block-button has-custom-width wp-block-button__width-25 is-style-outline is-style-outline--1\"><a class=\"wp-block-button__link has-gray-1-color has-primary-dark-background-color has-text-color has-background wp-element-button\" href=\"https:\/\/wticket1.wingsoft.it\/biglietteria\/listaEventiPub.do?lang=it&amp;codice=SPINOLA-SPI&amp;m=202102\" style=\"border-radius:100px\" target=\"_blank\" rel=\"noreferrer noopener\"><strong>Buy online<\/strong><\/a><\/div>\n<\/div>\n\n\n\n<div style=\"height:30px\" aria-hidden=\"true\" class=\"wp-block-spacer\"><\/div>\n\n\n\n<div class=\"wp-block-group is-vertical is-layout-flex wp-container-core-group-is-layout-8cf370e7 wp-block-group-is-layout-flex\">\n<h2 class=\"wp-block-heading has-large-font-size\"><a href=\"https:\/\/palazzospinola.cultura.gov.it\/en\/lis\/\">Accessibility&nbsp;<\/a><\/h2>\n\n\n\n<p class=\"has-medium-font-size\">For more information, please refer to the dedicated page.<\/p>\n<\/div>\n\n\n\n<div style=\"height:30px\" aria-hidden=\"true\" class=\"wp-block-spacer\"><\/div>\n\n\n\n<h2 class=\"wp-block-heading has-large-font-size\">Groups<\/h2>\n\n\n\n<p>We recommend that groups (maximum 25 people, including accompanying persons and guides) book their visit by writing to<strong> <a href=\"mailto:palazzospinola@cultura.gov.it\">palazzospinola@cultura.gov.it<\/a><\/strong> to avoid waiting and overlapping with other groups or events.<\/p>\n\n\n\n<p>To purchase tickets in advance <a href=\"https:\/\/wticket1.wingsoft.it\/biglietteria\/listaEventiPub.do?lang=it&amp;code=SPINOLA-SPI&amp;m=202102\"><strong>click here<\/strong><\/a>, where you will find the contact details of our electronic ticket office manager. <\/p>\n\n\n\n<p>We do not accept group bookings during free admission openings. On such days, guides are recommended to make short visits so as not to hinder the flow of visitors.<\/p>\n\n\n\n<div style=\"height:30px\" aria-hidden=\"true\" class=\"wp-block-spacer\"><\/div>\n\n\n\n<h2 class=\"wp-block-heading has-large-font-size\">Information<\/h2>\n\n\n\n<p>For conservation and heritage protection reasons, food and drink are not permitted inside the museum.<\/p>\n\n\n\n<p>Only dogs and other small pets are permitted inside the museum, provided they remain in a designated carrier throughout the visit. For heritage protection and conservation reasons, as well as for public safety, dogs and any other medium-sized or large pets are not permitted, even if they are on a lead and\/or wearing a muzzle. Guide dogs for visually impaired people are exempt from this rule.<\/p>\n\n\n\n<p>You are permitted to take photographs of the rooms and works for personal use. For conservation reasons, the use of flash photography is prohibited. Authorisation must be requested for professional photography or the use of images of the museum.<\/p>\n\n\n\n<p>The Marquis&#8217; Apartment is currently closed to visitors. We will announce the next opening dates on this website.<\/p>\n\n\n\n<p>From 4th March 2025 until 16th June 2026, technical maintenance work will be carried out on the third and fourth floors of the National Gallery of Liguria, which will be closed to the public during this time.<\/p>\n\n\n\n<div style=\"height:30px\" aria-hidden=\"true\" class=\"wp-block-spacer\"><\/div>\n\n\n\n<h2 class=\"wp-block-heading has-large-font-size\">Contacts<\/h2>\n\n\n\n<p>For booking information: palazzospinola@cultura.gov.it | tel. +39 010 27053329 &#8211; +39 010 2705343 &#8211; +39 010 2705322 (during office hours)<\/p>\n\n\n\n<p>To contact and book the Educational Service: palazzospinola.didattica@cultura.gov.it<\/p>\n\n\n\n<div style=\"height:30px\" aria-hidden=\"true\" class=\"wp-block-spacer\"><\/div>\n\n\n\n<h2 class=\"wp-block-heading has-large-font-size\">Educational Services<\/h2>\n\n\n\n<p>Palazzo Spinola offers schools and groups of visitors various <a href=\"https:\/\/palazzospinola.cultura.gov.it\/educational\/\">guided tours and activities<\/a>, subject to prior booking by writing to <strong><a href=\"mailto:palazzospinola.didattica@cultura.gov.it\">palazzospinola.didattica@cultura.gov.it<\/a><\/strong>. The activities and workshops are completely free of charge. For further information, visit the dedicated page.<\/p>\n<\/div>\n<\/div>\n\n\n\n<div style=\"height:50px\" aria-hidden=\"true\" class=\"wp-block-spacer\"><\/div>\n\n\n\n<h2 class=\"wp-block-heading has-large-font-size\" id=\"come-arrivare\">Getting here<\/h2>\n\n\n\n<div style=\"height:30px\" aria-hidden=\"true\" class=\"wp-block-spacer\"><\/div>\n\n\n\n<div class=\"wp-block-columns is-layout-flex wp-container-core-columns-is-layout-9d6595d7 wp-block-columns-is-layout-flex\">\n<div class=\"wp-block-column is-layout-flow wp-block-column-is-layout-flow\" style=\"flex-basis:66.66%\">\n<iframe loading=\"lazy\" marginheight=\"0\" marginwidth=\"0\" scrolling=\"no\" src=\"https:\/\/maps.google.it\/maps?f=q&amp;source=s_q&amp;hl=it&amp;geocode=&amp;q=Galleria+Nazionale+di+Palazzo+Spinola+Piazza+Pellicceria,+1+-16123+Genova&amp;aq=&amp;sll=44.41539,8.926091&amp;sspn=0.023971,0.038581&amp;ie=UTF8&amp;hq=Galleria+Nazionale+di+Palazzo+Spinola+Piazza+Pellicceria,+1+-16123+Genova&amp;t=m&amp;cid=4730949527820612408&amp;hnear=&amp;ll=44.41116,8.928237&amp;spn=0.01073,0.018239&amp;z=15&amp;iwloc=A&amp;output=embed\" width=\"100%\" height=\"550\" frameborder=\"0\"><\/iframe>\n\n\n\n<p><a href=\"http:\/\/maps.google.it\/maps?f=q&amp;source=embed&amp;hl=it&amp;geocode=&amp;q=Galleria+Nazionale+di+Palazzo+Spinola+Piazza+Pellicceria,+1+-16123+Genova&amp;aq=&amp;sll=44.41539,8.926091&amp;sspn=0.023971,0.038581&amp;ie=UTF8&amp;hq=Galleria+Nazionale+di+Palazzo+Spinola+Piazza+Pellicceria,+1+-16123+Genova&amp;t=m&amp;cid=4730949527820612408&amp;hnear=&amp;ll=44.41116,8.928237&amp;spn=0.01073,0.018239&amp;z=15&amp;iwloc=A\" target=\"_blank\" rel=\"noreferrer noopener\">Visualizzazione ingrandita della mappa<\/a><\/p>\n<\/div>\n\n\n\n<div class=\"wp-block-column is-layout-flow wp-block-column-is-layout-flow\" style=\"flex-basis:50%\">\n<p><strong>Musei Nazionali di Genova <\/strong><\/p>\n\n\n\n<p><strong>Palazzo Spinola<\/strong> <strong>e Galleria Nazionale della Liguria<\/strong><br>Piazza Pellicceria, 1 &#8211; 16123 Genova<br>+39 010.2705343 &#8211; +39 010.2705300 (switchboard)<br><a href=\"mailto:palazzospinola@cultura.gov.it\">palazzospinola@cultura.gov.it<\/a><\/p>\n\n\n\n<p> <strong>BY PUBLIC TRANSPORT<\/strong><\/p>\n\n\n\n<p><a href=\"http:\/\/www.amt.genova.it\" target=\"_blank\" rel=\"noreferrer noopener\">www.amt.genova.it<br><\/a><br><strong>METRO<\/strong><br>San Giorgio stop<\/p>\n\n\n\n<p><strong>BUS<\/strong><br>&#8211; 1 (Caricamento stop)<br>&#8211; 18, 39, 40 (Portello\/Interiano stop)<br>&#8211; 35 (Fontane Marose stop)<\/p>\n\n\n\n<p><strong>BY TRAIN<\/strong><br>&#8211; from Genoa Piazza Principe railway station: 10 minutes on foot; matching Metro (San Giorgio stop), bus 35 (Fontane Marose stop)<br>&#8211; from Genoa Brignole railway station: matching Metro (San Giorgio stop), bus 18, 39, 40 (Portello\/Interiano stop)<\/p>\n\n\n\n<p><strong>BY CAR<\/strong><br>Paying car park: Park Marina Porto Antico<\/p>\n<\/div>\n<\/div>\n\n\n\n<div style=\"height:100px\" aria-hidden=\"true\" class=\"wp-block-spacer\"><\/div>\n\n\n\n<div class=\"wp-block-group alignfull has-gray-1-background-color has-background\" style=\"padding-top:var(--wp--preset--spacing--60);padding-right:var(--wp--preset--spacing--50);padding-bottom:var(--wp--preset--spacing--60);padding-left:var(--wp--preset--spacing--50)\"><div class=\"wp-block-group__inner-container is-layout-constrained wp-container-core-group-is-layout-fcc72f54 wp-block-group-is-layout-constrained\">\n<h3 class=\"wp-block-heading has-text-align-center\">Subscribe<\/h3>\n\n\n\n<div class=\"wp-block-columns is-layout-flex wp-container-core-columns-is-layout-9d6595d7 wp-block-columns-is-layout-flex\">\n<div class=\"wp-block-column form-newsletter is-layout-flow wp-block-column-is-layout-flow\">\t\t\t\t\t<script type=\"text\/javascript\">\n\t\t\t\t\t\tvar gCaptchaSibWidget;\n                        var onloadSibCallbackInvisible = function () {\n\n                            var element = document.getElementsByClassName('sib-default-btn');\n                            var countInvisible = 0;\n                            var indexArray = [];\n                            jQuery('.sib-default-btn').each(function (index, el) {\n                                if ((jQuery(el).attr('id') == \"invisible\")) {\n                                    indexArray[countInvisible] = index;\n                                    countInvisible++\n                                }\n                            });\n\n                            jQuery('.invi-recaptcha').each(function (index, el) {\n                                grecaptcha.render(element[indexArray[index]], {\n                                    'sitekey': jQuery(el).attr('data-sitekey'),\n                                    'callback': sibVerifyCallback,\n                                });\n                            });\n                        };\n\t\t\t\t\t<\/script>\n\t\t\t\t\t                <script src=\"https:\/\/www.google.com\/recaptcha\/api.js?onload=onloadSibCallbackInvisible&render=explicit\" async defer><\/script>\n\t\t\t\t\n\t\t\t<form id=\"sib_signup_form_2\" method=\"post\" class=\"sib_signup_form\">\n\t\t\t\t<div class=\"sib_loader\" style=\"display:none;\"><img\n\t\t\t\t\t\t\tsrc=\"https:\/\/palazzospinola.cultura.gov.it\/wp-includes\/images\/spinner.gif\" alt=\"loader\"><\/div>\n\t\t\t\t<input type=\"hidden\" name=\"sib_form_action\" value=\"subscribe_form_submit\">\n\t\t\t\t<input type=\"hidden\" name=\"sib_form_id\" value=\"2\">\n                <input type=\"hidden\" name=\"sib_form_alert_notice\" value=\"Campo richiesto\">\n                <input type=\"hidden\" name=\"sib_form_invalid_email_notice\" value=\"Email non valida\">\n                <input type=\"hidden\" name=\"sib_security\" value=\"b20afe5eb3\">\n\t\t\t\t<div class=\"sib_signup_box_inside_2\">\n\t\t\t\t\t<div style=\"\/*display:none*\/\" class=\"sib_msg_disp\">\n\t\t\t\t\t<\/div>\n                                            <div id=\"sib_captcha_invisible\" class=\"invi-recaptcha\" data-sitekey=\"6Lft9J8dAAAAAPYTG6NxLitC-HQlzq2uuz-ISwM4\"><\/div>\n                    \t\t\t\t\t<div class=\"needs-validation\">\r\n<p>\r\n    <label class=\"form-label\">Email*<\/label>\r\n    <input type=\"email\" class=\"form-control px-3\" name=\"email\" required=\"required\">\r\n<\/p>\r\n\r\n<p>Sei interessato a ricevere contenuto dedicato alle famiglie?<\/p>\r\n<p class=\"sib-multi-lists-area\">\r\n<div class=\"sib-multi-lists\" data-require=\"\">\r\n<div class=\"form-check\"><input type=\"checkbox\" class=\"form-check-input sib-interesting-lists\" value=\"48\" name=\"listIDs[]\"><label class=\"form-check-label\">FAMIGLIE AL MUSEO<\/label><\/div>\r\n<\/div><\/p>\r\n\r\n<p><small>Il vostro indirizzo e-mail viene utilizzato solo per inviarvi la nostra newsletter e informazioni sulle attivit\u00e0 dei Musei Nazionali di Genova. \u00c8 sempre possibile utilizzare il link di cancellazione incluso nella newsletter.<\/small><\/p>\r\n\r\n<div class=\"form-check\">\r\n<input class=\"form-check-input\" type=\"checkbox\" name=\"terms\" required=\"required\">\r\n<label class=\"form-check-label\">Accetto <a href=\"https:\/\/palazzorealegenova.cultura.gov.it\/privacy\/\">le condizioni della Privacy Policy<\/a> <\/label>\r\n<\/div>\r\n\r\n<p>\r\n    <input type=\"submit\" id=\"invisible\" class=\"sib-default-btn btn btn-primary\" value=\"Iscriviti\">\r\n<\/p>\r\n\r\n\r\n<\/div>\t\t\t\t<\/div>\n\t\t\t<\/form>\n\t\t\t<style>\n\t\t\t\tform#sib_signup_form_2 p.sib-alert-message {\n    padding: 6px 12px;\n    margin-bottom: 20px;\n    border: 1px solid transparent;\n    border-radius: 4px;\n    -webkit-box-sizing: border-box;\n    -moz-box-sizing: border-box;\n    box-sizing: border-box;\n}\nform#sib_signup_form_2 p.sib-alert-message-error {\n    background-color: #f2dede;\n    border-color: #ebccd1;\n    color: #a94442;\n}\nform#sib_signup_form_2 p.sib-alert-message-success {\n    background-color: #dff0d8;\n    border-color: #d6e9c6;\n    color: #3c763d;\n}\nform#sib_signup_form_2 p.sib-alert-message-warning {\n    background-color: #fcf8e3;\n    border-color: #faebcc;\n    color: #8a6d3b;\n}\n\t\t\t<\/style>\n\t\t\t\n<\/div>\n<\/div>\n<\/div><\/div>\n","protected":false},"excerpt":{"rendered":"<p>Timetables Special openings Please note that until mid-June 2026, the third and fourth floors of the Galleria Nazionale di Palazzo Spinola will be closed to the public while technical system upgrades are being carried out. Visitors can explore the two historic floors, featuring frescoed rooms, paintings from the Spinola art collection, and antique furnishings. The &hellip; <a href=\"https:\/\/palazzospinola.cultura.gov.it\/en\/visita\/\">Leggi di pi\u00f9<\/a><\/p>\n","protected":false},"author":3,"featured_media":9046,"parent":0,"menu_order":0,"comment_status":"closed","ping_status":"closed","template":"","meta":{"_acf_changed":false,"footnotes":""},"class_list":["post-10198","page","type-page","status-publish","has-post-thumbnail","hentry"],"acf":[],"_links":{"self":[{"href":"https:\/\/palazzospinola.cultura.gov.it\/en\/wp-json\/wp\/v2\/pages\/10198","targetHints":{"allow":["GET"]}}],"collection":[{"href":"https:\/\/palazzospinola.cultura.gov.it\/en\/wp-json\/wp\/v2\/pages"}],"about":[{"href":"https:\/\/palazzospinola.cultura.gov.it\/en\/wp-json\/wp\/v2\/types\/page"}],"author":[{"embeddable":true,"href":"https:\/\/palazzospinola.cultura.gov.it\/en\/wp-json\/wp\/v2\/users\/3"}],"replies":[{"embeddable":true,"href":"https:\/\/palazzospinola.cultura.gov.it\/en\/wp-json\/wp\/v2\/comments?post=10198"}],"version-history":[{"count":2,"href":"https:\/\/palazzospinola.cultura.gov.it\/en\/wp-json\/wp\/v2\/pages\/10198\/revisions"}],"predecessor-version":[{"id":19652,"href":"https:\/\/palazzospinola.cultura.gov.it\/en\/wp-json\/wp\/v2\/pages\/10198\/revisions\/19652"}],"wp:featuredmedia":[{"embeddable":true,"href":"https:\/\/palazzospinola.cultura.gov.it\/en\/wp-json\/wp\/v2\/media\/9046"}],"wp:attachment":[{"href":"https:\/\/palazzospinola.cultura.gov.it\/en\/wp-json\/wp\/v2\/media?parent=10198"}],"curies":[{"name":"wp","href":"https:\/\/api.w.org\/{rel}","templated":true}]}}