{"id":16082,"date":"2021-05-11T16:26:15","date_gmt":"2021-05-11T14:26:15","guid":{"rendered":"https:\/\/palazzospinola.cultura.gov.it\/?page_id=16082"},"modified":"2025-09-10T12:19:27","modified_gmt":"2025-09-10T10:19:27","slug":"accessibilita","status":"publish","type":"page","link":"https:\/\/palazzospinola.cultura.gov.it\/fr\/accessibilita\/","title":{"rendered":"Accessibilit\u00e9"},"content":{"rendered":"\n<p>Les deux \u00e9tages de la demeure historique et le troisi\u00e8me \u00e9tage de la Galerie Nationale de la Ligurie sont accessibles par ascenseur. Certains espaces ne sont en revanche pas desservis par l\u2019ascenseur : L\u2019<em>Appartemento del Marchese <\/em>(premier entresol), les cuisines historiques (deuxi\u00e8me entresol), et le deuxi\u00e8me \u00e9tage de la Galerie Nationale de la Ligurie (quatri\u00e8me \u00e9tage).<\/p>\n\n\n\n<p>Les toilettes du rez-de-chauss\u00e9e sont accessibles au public \u00e0 mobilit\u00e9 r\u00e9duite par une plate-forme \u00e9l\u00e9vatrice.<\/p>\n\n\n\n<p><\/p>\n\n\n\n<div style=\"height:57px\" aria-hidden=\"true\" class=\"wp-block-spacer\"><\/div>\n\n\n\n<h2 class=\"wp-block-heading\">Palazzo Spinola en langue des signes italiennes<\/h2>\n\n\n\n<div style=\"height:30px\" aria-hidden=\"true\" class=\"wp-block-spacer\"><\/div>\n\n\n\n<p>Les Mus\u00e9es Nationaux de G\u00eanes proposent une visite en Langue des Signes Italiennes, \u00e0 partir de vid\u00e9os t\u00e9l\u00e9chargeables gratuitement sur vos smartphones. R\u00e9alis\u00e9es par le service \u00e9ducatif en collaboration avec Nadia Priskic, interpr\u00e8te en langue des signes italienne, elles racontent l\u2019histoire des palais et la richesse de leurs collections.<\/p>\n\n\n\n<div style=\"height:30px\" aria-hidden=\"true\" class=\"wp-block-spacer\"><\/div>\n\n\n\n<p><a href=\"https:\/\/www.youtube.com\/playlist?list=PLugPO2BN09U4ohHIj5uJnuLK5a4uQtwNt\" target=\"_blank\" rel=\"noreferrer noopener\">Palazzo Spinola en langue des signes italiennes<\/a> (8 video)<\/p>\n\n\n\n<div style=\"height:30px\" aria-hidden=\"true\" class=\"wp-block-spacer\"><\/div>\n\n\n\n<div class=\"wp-block-columns is-layout-flex wp-container-core-columns-is-layout-9d6595d7 wp-block-columns-is-layout-flex\">\n<div class=\"wp-block-column is-layout-flow wp-block-column-is-layout-flow\">\n<figure class=\"wp-block-embed is-type-video is-provider-youtube wp-block-embed-youtube wp-embed-aspect-16-9 wp-has-aspect-ratio\"><div class=\"wp-block-embed__wrapper\">\n<iframe loading=\"lazy\" title=\"1. Palazzo Spinola nel LIS - La Galleria Nazionale di Palazzo Spinola\" width=\"500\" height=\"281\" src=\"https:\/\/www.youtube.com\/embed\/wNrglX3fvDA?list=PLugPO2BN09U4ohHIj5uJnuLK5a4uQtwNt\" frameborder=\"0\" allow=\"accelerometer; autoplay; clipboard-write; encrypted-media; gyroscope; picture-in-picture; web-share\" referrerpolicy=\"strict-origin-when-cross-origin\" allowfullscreen><\/iframe>\n<\/div><figcaption class=\"wp-element-caption\">1. La Galleria Nazionale di Palazzo Spinola<\/figcaption><\/figure>\n<\/div>\n\n\n\n<div class=\"wp-block-column is-layout-flow wp-block-column-is-layout-flow\">\n<figure class=\"wp-block-embed is-type-video is-provider-youtube wp-block-embed-youtube wp-embed-aspect-16-9 wp-has-aspect-ratio\"><div class=\"wp-block-embed__wrapper\">\n<iframe loading=\"lazy\" title=\"2. Palazzo Spinola nel LIS - La dimora di Ansaldo\" width=\"500\" height=\"281\" src=\"https:\/\/www.youtube.com\/embed\/PnOBnfnD1mw?list=PLugPO2BN09U4ohHIj5uJnuLK5a4uQtwNt\" frameborder=\"0\" allow=\"accelerometer; autoplay; clipboard-write; encrypted-media; gyroscope; picture-in-picture; web-share\" referrerpolicy=\"strict-origin-when-cross-origin\" allowfullscreen><\/iframe>\n<\/div><figcaption class=\"wp-element-caption\">2. La dimora di Ansaldo<\/figcaption><\/figure>\n<\/div>\n\n\n\n<div class=\"wp-block-column is-layout-flow wp-block-column-is-layout-flow\">\n<figure class=\"wp-block-embed is-type-video is-provider-youtube wp-block-embed-youtube wp-embed-aspect-16-9 wp-has-aspect-ratio\"><div class=\"wp-block-embed__wrapper\">\n<iframe loading=\"lazy\" title=\"3. Palazzo Spinola nel LIS - Le cucine storiche\" width=\"500\" height=\"281\" src=\"https:\/\/www.youtube.com\/embed\/_uuHC4Duemw?list=PLugPO2BN09U4ohHIj5uJnuLK5a4uQtwNt\" frameborder=\"0\" allow=\"accelerometer; autoplay; clipboard-write; encrypted-media; gyroscope; picture-in-picture; web-share\" referrerpolicy=\"strict-origin-when-cross-origin\" allowfullscreen><\/iframe>\n<\/div><figcaption class=\"wp-element-caption\">3. Le cucine storiche<\/figcaption><\/figure>\n<\/div>\n\n\n\n<div class=\"wp-block-column is-layout-flow wp-block-column-is-layout-flow\">\n<figure class=\"wp-block-embed is-type-video is-provider-youtube wp-block-embed-youtube wp-embed-aspect-16-9 wp-has-aspect-ratio\"><div class=\"wp-block-embed__wrapper\">\n<iframe loading=\"lazy\" title=\"4. Palazzo Spinola nel LIS - I salotti di Maddalena\" width=\"500\" height=\"281\" src=\"https:\/\/www.youtube.com\/embed\/Yl6QxNghRNI?list=PLugPO2BN09U4ohHIj5uJnuLK5a4uQtwNt\" frameborder=\"0\" allow=\"accelerometer; autoplay; clipboard-write; encrypted-media; gyroscope; picture-in-picture; web-share\" referrerpolicy=\"strict-origin-when-cross-origin\" allowfullscreen><\/iframe>\n<\/div><figcaption class=\"wp-element-caption\">4. I salotti di Maddalena<\/figcaption><\/figure>\n<\/div>\n<\/div>\n\n\n\n<div style=\"height:30px\" aria-hidden=\"true\" class=\"wp-block-spacer\"><\/div>\n\n\n\n<div class=\"wp-block-columns is-layout-flex wp-container-core-columns-is-layout-9d6595d7 wp-block-columns-is-layout-flex\">\n<div class=\"wp-block-column is-layout-flow wp-block-column-is-layout-flow\">\n<figure class=\"wp-block-embed is-type-video is-provider-youtube wp-block-embed-youtube wp-embed-aspect-16-9 wp-has-aspect-ratio\"><div class=\"wp-block-embed__wrapper\">\n<iframe loading=\"lazy\" title=\"5. Palazzo Spinola nel LIS - Gli affreschi dalla storia al mito\" width=\"500\" height=\"281\" src=\"https:\/\/www.youtube.com\/embed\/XG4ayJkaDYU?list=PLugPO2BN09U4ohHIj5uJnuLK5a4uQtwNt\" frameborder=\"0\" allow=\"accelerometer; autoplay; clipboard-write; encrypted-media; gyroscope; picture-in-picture; web-share\" referrerpolicy=\"strict-origin-when-cross-origin\" allowfullscreen><\/iframe>\n<\/div><figcaption class=\"wp-element-caption\">5. Gli affreschi dalla storia al mito<\/figcaption><\/figure>\n<\/div>\n\n\n\n<div class=\"wp-block-column is-layout-flow wp-block-column-is-layout-flow\">\n<figure class=\"wp-block-embed is-type-video is-provider-youtube wp-block-embed-youtube wp-embed-aspect-16-9 wp-has-aspect-ratio\"><div class=\"wp-block-embed__wrapper\">\n<iframe loading=\"lazy\" title=\"6. Palazzo Spinola nel LIS - La Galleria Nazionale della Liguria\" width=\"500\" height=\"281\" src=\"https:\/\/www.youtube.com\/embed\/0R3uneMQ8SE?list=PLugPO2BN09U4ohHIj5uJnuLK5a4uQtwNt\" frameborder=\"0\" allow=\"accelerometer; autoplay; clipboard-write; encrypted-media; gyroscope; picture-in-picture; web-share\" referrerpolicy=\"strict-origin-when-cross-origin\" allowfullscreen><\/iframe>\n<\/div><figcaption class=\"wp-element-caption\">6. La Galleria Nazionale della Liguria<\/figcaption><\/figure>\n<\/div>\n\n\n\n<div class=\"wp-block-column is-layout-flow wp-block-column-is-layout-flow\">\n<figure class=\"wp-block-embed is-type-video is-provider-youtube wp-block-embed-youtube wp-embed-aspect-16-9 wp-has-aspect-ratio\"><div class=\"wp-block-embed__wrapper\">\n<iframe loading=\"lazy\" title=\"7. Palazzo Spinola nel LIS - L&#039;Ecce Homo di Antonello da Messina\" width=\"500\" height=\"281\" src=\"https:\/\/www.youtube.com\/embed\/W6LyYD4qTqY?list=PLugPO2BN09U4ohHIj5uJnuLK5a4uQtwNt\" frameborder=\"0\" allow=\"accelerometer; autoplay; clipboard-write; encrypted-media; gyroscope; picture-in-picture; web-share\" referrerpolicy=\"strict-origin-when-cross-origin\" allowfullscreen><\/iframe>\n<\/div><figcaption class=\"wp-element-caption\">7. L&rsquo;<em>Ecce Homo <\/em>di Antonello da Messina<\/figcaption><\/figure>\n<\/div>\n\n\n\n<div class=\"wp-block-column is-layout-flow wp-block-column-is-layout-flow\">\n<figure class=\"wp-block-embed is-type-video is-provider-youtube wp-block-embed-youtube wp-embed-aspect-16-9 wp-has-aspect-ratio\"><div class=\"wp-block-embed__wrapper\">\n<iframe loading=\"lazy\" title=\"8. Palazzo Spinola nel LIS - Il Ritratto di Giovan Carlo Doria di Rubens\" width=\"500\" height=\"281\" src=\"https:\/\/www.youtube.com\/embed\/cZYlkIEbEiI?list=PLugPO2BN09U4ohHIj5uJnuLK5a4uQtwNt\" frameborder=\"0\" allow=\"accelerometer; autoplay; clipboard-write; encrypted-media; gyroscope; picture-in-picture; web-share\" referrerpolicy=\"strict-origin-when-cross-origin\" allowfullscreen><\/iframe>\n<\/div><figcaption class=\"wp-element-caption\">8. Il Ritratto di Giovan Carlo Doria di Rubens<\/figcaption><\/figure>\n<\/div>\n<\/div>\n\n\n\n<div style=\"height:30px\" aria-hidden=\"true\" class=\"wp-block-spacer\"><\/div>\n\n\n\n<div style=\"height:89px\" aria-hidden=\"true\" class=\"wp-block-spacer\"><\/div>\n\n\n\n<h2 class=\"wp-block-heading\"><\/h2>\n","protected":false},"excerpt":{"rendered":"<p>Les deux \u00e9tages de la demeure historique et le troisi\u00e8me \u00e9tage de la Galerie Nationale de la Ligurie sont accessibles par ascenseur. Certains espaces ne sont en revanche pas desservis par l\u2019ascenseur : L\u2019Appartemento del Marchese (premier entresol), les cuisines historiques (deuxi\u00e8me entresol), et le deuxi\u00e8me \u00e9tage de la Galerie Nationale de la Ligurie (quatri\u00e8me &hellip; <a href=\"https:\/\/palazzospinola.cultura.gov.it\/fr\/accessibilita\/\">Leggi di pi\u00f9<\/a><\/p>\n","protected":false},"author":2,"featured_media":17493,"parent":0,"menu_order":0,"comment_status":"closed","ping_status":"closed","template":"","meta":{"_acf_changed":false,"footnotes":""},"class_list":["post-16082","page","type-page","status-publish","has-post-thumbnail","hentry"],"acf":[],"_links":{"self":[{"href":"https:\/\/palazzospinola.cultura.gov.it\/fr\/wp-json\/wp\/v2\/pages\/16082","targetHints":{"allow":["GET"]}}],"collection":[{"href":"https:\/\/palazzospinola.cultura.gov.it\/fr\/wp-json\/wp\/v2\/pages"}],"about":[{"href":"https:\/\/palazzospinola.cultura.gov.it\/fr\/wp-json\/wp\/v2\/types\/page"}],"author":[{"embeddable":true,"href":"https:\/\/palazzospinola.cultura.gov.it\/fr\/wp-json\/wp\/v2\/users\/2"}],"replies":[{"embeddable":true,"href":"https:\/\/palazzospinola.cultura.gov.it\/fr\/wp-json\/wp\/v2\/comments?post=16082"}],"version-history":[{"count":2,"href":"https:\/\/palazzospinola.cultura.gov.it\/fr\/wp-json\/wp\/v2\/pages\/16082\/revisions"}],"predecessor-version":[{"id":16102,"href":"https:\/\/palazzospinola.cultura.gov.it\/fr\/wp-json\/wp\/v2\/pages\/16082\/revisions\/16102"}],"wp:featuredmedia":[{"embeddable":true,"href":"https:\/\/palazzospinola.cultura.gov.it\/fr\/wp-json\/wp\/v2\/media\/17493"}],"wp:attachment":[{"href":"https:\/\/palazzospinola.cultura.gov.it\/fr\/wp-json\/wp\/v2\/media?parent=16082"}],"curies":[{"name":"wp","href":"https:\/\/api.w.org\/{rel}","templated":true}]}}