{"id":16104,"date":"2021-04-07T09:27:05","date_gmt":"2021-04-07T07:27:05","guid":{"rendered":"https:\/\/palazzospinola.cultura.gov.it\/?page_id=16104"},"modified":"2026-01-14T16:23:41","modified_gmt":"2026-01-14T15:23:41","slug":"contacts","status":"publish","type":"page","link":"https:\/\/palazzospinola.cultura.gov.it\/fr\/contacts\/","title":{"rendered":"Contacts"},"content":{"rendered":"\n<h1 class=\"wp-block-heading has-small-font-size\"><br><\/h1>\n\n\n\n<p><strong>MUSEI NAZIONALI DI GENOVA | PALAZZO SPINOLA et GALLERIA NAZIONALE DELLA LIGURIA<\/strong><\/p>\n\n\n\n<p><strong>Informations&nbsp;<\/strong>\/Mus\u00e9e 010 275300 \/&nbsp;<a href=\"mailto:palazzorealegenova@cultura.gov.it\">palazzospinola@cultura.gov.it<\/a><\/p>\n\n\n\n<p><strong>D<\/strong>i<strong>rectrice Mus\u00e9es Nationaux de Genes (Palazzo Reale \u2013 Palazzo Spinola)<\/strong><br>Alessandra Guerrini \/\u00a0<a href=\"mailto:pal-ge@cultura.gov.it\">mn-lig@cultura.gov.it<\/a><\/p>\n\n\n\n<p><strong>Directeur des collections<\/strong><br>Gianluca Zanelli \/&nbsp;<a href=\"mailto:luca.leoncini@cultura.gov.it\">gianluca.zanelli@cultura.gov.it<\/a><\/p>\n\n\n\n<p><strong>Conservatrice des collections \/ Registar<\/strong><br>Marie Luce Repetto \/ <a href=\"mailto:anna.manzitti@cultura.gov.it\">marieluce.repetto@cultura.gov.it<\/a><\/p>\n\n\n\n<p><strong>Secr\u00e9tariat de direction<\/strong><br>&nbsp;<a href=\"mailto:pal-ge@cultura.gov.it\">pal-ge@cultura.gov.it<\/a>&nbsp;<a href=\"mailto:pal-ge@beniculturali.it\">\/&nbsp;<\/a>adresse s\u00e9curis\u00e9e&nbsp;<a href=\"mailto:pal-ge@pec.cultura.gov.it\">pal-ge@pec.cultura.gov.it<\/a><\/p>\n\n\n\n<p><strong>P\u00f4le valorisation et communication Mus\u00e9es Nationaux de G\u00eanes<\/strong>&nbsp;\/<a href=\"mailto:pal-ge.comunicazione@cultura.gov.it\">&nbsp;pal-ge.comunicazione@cultura.gov.it<\/a><br>Responsable : Hilda Ricaldone \/&nbsp;<a href=\"mailto:hildacamilla.ricaldone@cultura.gov.it\">hildacamilla.ricaldone<\/a><br>Matteo Moretti \/&nbsp;<a href=\"mailto:matteo.moretti@cultura.gov.it\">matteo.moretti@cultura.gov.it<\/a><br>Tiziana Sgambelluri \/&nbsp;<a href=\"mailto:tiziana.sgambelluri@cultura.gov.it\">tiziana.sgambelluri@cultura.gov.it<\/a><br>Elisa Strizoli \/&nbsp;<a href=\"mailto:elisa.strizoli@cultura.gov.it\">elisa.strizoli@cultura.gov.it<\/a><\/p>\n\n\n\n<p><strong>P\u00f4le ev\u00e8nementiel Mus\u00e9es Nationaux de G\u00eanes<\/strong><br>Lucia Stinco \/&nbsp;<a href=\"mailto:lucia.stinco@cultura.gov.it\">lucia.stinco@cultura.gov.it<\/a><br>Tiziana Sgambelluri \/&nbsp;<a href=\"mailto:tiziana.sgambelluri@cultura.gov.it\">tiziana.sgambelluri@cultura.gov.it<\/a><\/p>\n\n\n\n<p><strong>Services \u00e9ducatifs \/ M\u00e9diation<\/strong><br>Responsable : Anna Manzitti \/&nbsp;<a href=\"mailto:anna.manzitti@cultura.gov.it\">anna.manzitti@cultura.gov.it<\/a><br>Matteo Moretti \/&nbsp;<a href=\"mailto:palazzorealegenova.servizioeducativo@cultura.gov.it\">palazzospinola.didattica@cultura.gov.it<\/a><\/p>\n\n\n\n<p><strong>P\u00f4le inclusion et accessibilit\u00e9<\/strong><br>Responsable : Chiara Leontina Sanino&nbsp;<a href=\"mailto:chiaraleontina.sanino@cultura.gov.it\">chiaraleontina.sanino@cultura.gov.it<\/a><\/p>\n\n\n\n<p><strong>P\u00f4le documentation historique, archive et phototh\u00e8que<\/strong><br><a href=\"mailto:pal-ge@cultura.gov.it\"><a href=\"mailto:pal-ge@cultura.gov.it\">mn-lig@cultura.gov.it<\/a><\/a><\/p>\n","protected":false},"excerpt":{"rendered":"<p>MUSEI NAZIONALI DI GENOVA | PALAZZO SPINOLA et GALLERIA NAZIONALE DELLA LIGURIA Informations&nbsp;\/Mus\u00e9e 010 275300 \/&nbsp;palazzospinola@cultura.gov.it Directrice Mus\u00e9es Nationaux de Genes (Palazzo Reale \u2013 Palazzo Spinola)Alessandra Guerrini \/\u00a0mn-lig@cultura.gov.it Directeur des collectionsGianluca Zanelli \/&nbsp;gianluca.zanelli@cultura.gov.it Conservatrice des collections \/ RegistarMarie Luce Repetto \/ marieluce.repetto@cultura.gov.it Secr\u00e9tariat de direction&nbsp;pal-ge@cultura.gov.it&nbsp;\/&nbsp;adresse s\u00e9curis\u00e9e&nbsp;pal-ge@pec.cultura.gov.it P\u00f4le valorisation et communication Mus\u00e9es Nationaux de G\u00eanes&nbsp;\/&nbsp;pal-ge.comunicazione@cultura.gov.itResponsable : &hellip; <a href=\"https:\/\/palazzospinola.cultura.gov.it\/fr\/contacts\/\">Leggi di pi\u00f9<\/a><\/p>\n","protected":false},"author":2,"featured_media":17571,"parent":0,"menu_order":0,"comment_status":"closed","ping_status":"closed","template":"","meta":{"_acf_changed":false,"footnotes":""},"class_list":["post-16104","page","type-page","status-publish","has-post-thumbnail","hentry"],"acf":[],"_links":{"self":[{"href":"https:\/\/palazzospinola.cultura.gov.it\/fr\/wp-json\/wp\/v2\/pages\/16104","targetHints":{"allow":["GET"]}}],"collection":[{"href":"https:\/\/palazzospinola.cultura.gov.it\/fr\/wp-json\/wp\/v2\/pages"}],"about":[{"href":"https:\/\/palazzospinola.cultura.gov.it\/fr\/wp-json\/wp\/v2\/types\/page"}],"author":[{"embeddable":true,"href":"https:\/\/palazzospinola.cultura.gov.it\/fr\/wp-json\/wp\/v2\/users\/2"}],"replies":[{"embeddable":true,"href":"https:\/\/palazzospinola.cultura.gov.it\/fr\/wp-json\/wp\/v2\/comments?post=16104"}],"version-history":[{"count":2,"href":"https:\/\/palazzospinola.cultura.gov.it\/fr\/wp-json\/wp\/v2\/pages\/16104\/revisions"}],"predecessor-version":[{"id":19284,"href":"https:\/\/palazzospinola.cultura.gov.it\/fr\/wp-json\/wp\/v2\/pages\/16104\/revisions\/19284"}],"wp:featuredmedia":[{"embeddable":true,"href":"https:\/\/palazzospinola.cultura.gov.it\/fr\/wp-json\/wp\/v2\/media\/17571"}],"wp:attachment":[{"href":"https:\/\/palazzospinola.cultura.gov.it\/fr\/wp-json\/wp\/v2\/media?parent=16104"}],"curies":[{"name":"wp","href":"https:\/\/api.w.org\/{rel}","templated":true}]}}