{"id":16110,"date":"2021-04-07T09:20:56","date_gmt":"2021-04-07T07:20:56","guid":{"rendered":"https:\/\/palazzospinola.cultura.gov.it\/?page_id=16110"},"modified":"2026-03-24T08:00:01","modified_gmt":"2026-03-24T07:00:01","slug":"preparer-votre-visite","status":"publish","type":"page","link":"https:\/\/palazzospinola.cultura.gov.it\/fr\/preparer-votre-visite\/","title":{"rendered":"Votre visite"},"content":{"rendered":"\n<div class=\"wp-block-columns is-layout-flex wp-container-core-columns-is-layout-9d6595d7 wp-block-columns-is-layout-flex\">\n<div class=\"wp-block-column is-layout-flow wp-block-column-is-layout-flow\">\n<h1 class=\"wp-block-heading has-large-font-size\" id=\"orari\">Horaires<\/h1>\n\n\n\n<div style=\"height:30px\" aria-hidden=\"true\" class=\"wp-block-spacer\"><\/div>\n\n\n\n<p>Palazzo Spinola est ouvert au public sur les horaires suivants&nbsp;:<\/p>\n\n\n\n<ul class=\"wp-block-list\">\n<li>Le mardi, de 13h30 \u00e0 19h00 (derni\u00e8re entr\u00e9e \u00e0 18h30)<\/li>\n\n\n\n<li>Les mercredi, jeudi, vendredi et samedi de 9h00 \u00e0 19h00 (dernier acc\u00e8s \u00e0 18h30)<\/li>\n\n\n\n<li>PREMIER et TROISI\u00c8ME DIMANCHE du mois de 13h30 \u00e0 19h00 (derni\u00e8re entr\u00e9e \u00e0 18h30) &#8211; L&rsquo;entr\u00e9e est gratuite le premier dimanche du mois TROISI\u00c8ME dimanche du mois (13h30-19h00)<\/li>\n\n\n\n<li>Ferm\u00e9 le lundi et le dimanche (sauf le premier et le troisi\u00e8me du mois)<\/li>\n<\/ul>\n\n\n\n<div style=\"height:30px\" aria-hidden=\"true\" class=\"wp-block-spacer\"><\/div>\n\n\n\n<div class=\"wp-block-buttons is-content-justification-center is-layout-flex wp-container-core-buttons-is-layout-16018d1d wp-block-buttons-is-layout-flex\">\n<div class=\"wp-block-button is-style-fill\"><a class=\"wp-block-button__link has-primary-dark-background-color has-background wp-element-button\" href=\"https:\/\/palazzorealegenova.cultura.gov.it\/orari-e-biglietti\/\">Cliquer ici pour conna\u00eetre les horaires de Palazzo Reale<\/a><\/div>\n<\/div>\n\n\n\n<div style=\"height:30px\" aria-hidden=\"true\" class=\"wp-block-spacer\"><\/div>\n\n\n\n<p><strong>Ouvertures sp\u00e9ciales<\/strong><\/p>\n\n\n\n<div style=\"height:15px\" aria-hidden=\"true\" class=\"wp-block-spacer\"><\/div>\n\n\n\n<ul class=\"wp-block-list\">\n<li>Dimanche 1er mars \/ 13h30\u201319h00 | #Domenicalmuseo \u2013 entr\u00e9e gratuite<\/li>\n\n\n\n<li><strong><a href=\"http:\/\/Dimanche 1er mars \/ 13h30\u201319h00 #DimancheAuMus\u00e9e \u2013 entr\u00e9e gratuite  Rolli Days 2026. Partager, c\u2019est prot\u00e9ger | 27-28-29 mars. Les Mus\u00e9es nationaux de G\u00eanes seront ouverts aux horaires habituels avec la billetterie ordinaire, sans r\u00e9servation :  Vendredi 27 mars 9h00\u201319h00  Samedi 28 mars 9h00\u201319h00  Dimanche 29 mars FERM\u00c9\">Rolli Days 2026 | 27-28-29 mars<\/a><\/strong>. Les Mus\u00e9es nationaux de G\u00eanes seront ouverts aux horaires habituels avec la billetterie ordinaire, sans r\u00e9servation :<\/li>\n\n\n\n<li>Vendredi 27 mars 9h00\u201319h00<\/li>\n\n\n\n<li>Samedi 28 mars 9h00\u201319h00<\/li>\n\n\n\n<li>Dimanche 29 mars FERM\u00c9<\/li>\n\n\n\n<li><strong>Dimanche de P\u00e2ques | 5 avril<\/strong>  \/ 13h30 \u2013 19h00 | #Domenicalmuseo \u2013 entr\u00e9e gratuite<\/li>\n\n\n\n<li><strong>Lundi de P\u00e2ques | 6 avril<\/strong> 13h30 \u2013 19h00<\/li>\n\n\n\n<li><strong>Mardi 7 avril<\/strong> <strong>Ferm\u00e9<\/strong> (Fermeture hebdomadaire compensatoire)<\/li>\n<\/ul>\n\n\n\n<div style=\"height:30px\" aria-hidden=\"true\" class=\"wp-block-spacer\"><\/div>\n\n\n\n<figure class=\"wp-block-image size-full is-resized\"><img loading=\"lazy\" decoding=\"async\" width=\"850\" height=\"905\" src=\"https:\/\/palazzospinola.cultura.gov.it\/wp-content\/uploads\/2023\/02\/calendario-MNG-febbraio-marzo-copertina-part-3.jpg\" alt=\"\" class=\"wp-image-8550\" style=\"width:255px;height:auto\" srcset=\"https:\/\/palazzospinola.cultura.gov.it\/wp-content\/uploads\/2023\/02\/calendario-MNG-febbraio-marzo-copertina-part-3.jpg 850w, https:\/\/palazzospinola.cultura.gov.it\/wp-content\/uploads\/2023\/02\/calendario-MNG-febbraio-marzo-copertina-part-3-376x400.jpg 376w, https:\/\/palazzospinola.cultura.gov.it\/wp-content\/uploads\/2023\/02\/calendario-MNG-febbraio-marzo-copertina-part-3-768x818.jpg 768w, https:\/\/palazzospinola.cultura.gov.it\/wp-content\/uploads\/2023\/02\/calendario-MNG-febbraio-marzo-copertina-part-3-70x75.jpg 70w, https:\/\/palazzospinola.cultura.gov.it\/wp-content\/uploads\/2023\/02\/calendario-MNG-febbraio-marzo-copertina-part-3-25x27.jpg 25w\" sizes=\"auto, (max-width: 850px) 100vw, 850px\" \/><\/figure>\n\n\n\n<div style=\"height:0px\" aria-hidden=\"true\" class=\"wp-block-spacer\"><\/div>\n\n\n\n<div style=\"height:30px\" aria-hidden=\"true\" class=\"wp-block-spacer\"><\/div>\n\n\n\n<p class=\"has-text-align-center\"><\/p>\n\n\n\n<div style=\"height:20px\" aria-hidden=\"true\" class=\"wp-block-spacer\"><\/div>\n\n\n<\/div>\n\n\n\n<div class=\"wp-block-column is-layout-flow wp-block-column-is-layout-flow\" style=\"flex-basis:60%\">\n<blockquote class=\"wp-block-quote is-layout-flow wp-block-quote-is-layout-flow\">\n<p>Nous informons le public que jusqu\u2019\u00e0 la mi-juin 2026, les troisi\u00e8me et quatri\u00e8me \u00e9tages de la Galleria Nazionale di Palazzo Spinola seront ferm\u00e9s au public en raison de travaux de modernisation des installations techniques.<\/p>\n\n\n\n<p>Les visiteurs pourront d\u00e9couvrir les deux \u00e9tages historiques, comprenant des salles d\u00e9cor\u00e9es de fresques, des peintures issues de la collection Spinola et du mobilier ancien. Les cuisines historiques resteront \u00e9galement ouvertes \u00e0 la visite.<\/p>\n\n\n\n<p>Veuillez nous excuser pour la g\u00eane occasionn\u00e9e.<\/p>\n<\/blockquote>\n\n\n\n<div class=\"wp-block-buttons is-content-justification-center is-layout-flex wp-container-core-buttons-is-layout-16018d1d wp-block-buttons-is-layout-flex\">\n<div class=\"wp-block-button is-style-fill\"><a class=\"wp-block-button__link has-gray-7-color has-secondary-background-color has-text-color has-background has-link-color wp-element-button\" href=\"https:\/\/palazzospinola.cultura.gov.it\/prestiti-e-restauri\/\"><strong>\u0152uvres pr\u00eat\u00e9es et en restauration<\/strong><\/a><\/div>\n<\/div>\n\n\n\n<div style=\"height:20px\" aria-hidden=\"true\" class=\"wp-block-spacer\"><\/div>\n\n\n\n<h1 class=\"wp-block-heading has-text-align-left has-large-font-size\">Tarifs<\/h1>\n\n\n\n<div style=\"height:20px\" aria-hidden=\"true\" class=\"wp-block-spacer\"><\/div>\n\n\n\n<ul class=\"wp-block-list\">\n<li><strong>PLEIN TARIF:<\/strong> <strong>BILLET UNIQUE 12 \u20ac<\/strong> (Palazzo Reale* + Palazzo Spinola, p\u00e9riode de validit\u00e9 d\u2019un an \u00e0 partir de la date d\u2019\u00e9mission, sans obligation de r\u00e9servation)<\/li>\n<\/ul>\n\n\n\n<p class=\"has-text-align-center\"><strong>Durant les mois de mars et avril 2026, le billet unique pour les Mus\u00e9es Nationaux de G\u00eanes sera propos\u00e9 au tarif exceptionnel di 8,00 \u20ac (au lieu de 12,00 \u20ac).<\/strong><\/p>\n\n\n\n<p><\/p>\n\n\n\n<ul class=\"wp-block-list\">\n<li><strong>REDUIT: 2 \u20ac<\/strong> (pour les membres de l\u2019UE entre 18 et 25 ans)<\/li>\n\n\n\n<li><strong>GRATUIT <\/strong>(mineur\u00b7es de moins de 18 ans; titulaires d\u2019une carte mobilit\u00e9 inclusion (Disability Card) et, si pr\u00e9cis\u00e9 sur la carte, d\u2019un\u00b7e accompagnateur\u00b7ice; d\u00e9tenteur\u00b7ices de la carte de Musei Nazionali di Genova&nbsp;ou d\u2019une carte enseignant en cours de validit\u00e9; Familles avec Pass: <a href=\"https:\/\/palazzospinola.cultura.gov.it\/fr\/una-relazione-che-cura\/\"><em>Une relation qui soigne. Les mus\u00e9es nationaux de Ligurie pour l&rsquo;h\u00f4pital Gaslini<\/em>.<\/a><\/li>\n\n\n\n<li>CARTE DES MUSEES NATIONAUX DE GENES<\/li>\n\n\n\n<li>L\u2019ensemble de Mus\u00e9es Nationaux de G\u00eanes font partie du circuit de la Genova Museum Card et de la Genova City Pass<\/li>\n\n\n\n<li>Sur pr\u00e9sentation d&rsquo;un billet pour l&rsquo;exposition <em><a href=\"https:\/\/palazzoducale.genova.it\/mostra\/van-dyck-leuropeo-mostra-a-genova\/\"><strong>Van Dyck. L&rsquo;Europeo<\/strong><\/a><\/em> au <strong>Palazzo Ducale<\/strong> (du 20 mars au 19 juillet 2026), les visiteurs b\u00e9n\u00e9ficient d&rsquo;un <strong>tarif pr\u00e9f\u00e9rentiel de 8 \u20ac<\/strong> pour l&rsquo;entr\u00e9e aux Mus\u00e9es Nationaux de G\u00eanes (Palazzo Reale et Palazzo Spinola), et ce, pendant toute la dur\u00e9e de l&rsquo;\u00e9v\u00e9nement. R\u00e9ciproquement, les d\u00e9tenteurs d&rsquo;un billet des Mus\u00e9es Nationaux de G\u00eanes pourront acc\u00e9der \u00e0 l&rsquo;exposition <em><a href=\"https:\/\/palazzoducale.genova.it\/mostra\/van-dyck-leuropeo-mostra-a-genova\/\"><strong>Van Dyck. L&rsquo;Europeo<\/strong><\/a><\/em> au <strong>Palazzo Ducale <\/strong>au <strong>tarif r\u00e9duit de 13 \u20ac<\/strong>.<\/li>\n<\/ul>\n\n\n\n<p>Le billet d\u2019entr\u00e9e unique pour les Mus\u00e9es Nationaux de G\u00eanes (Palazzo Reale* et Palazzo Spinola) s\u2019ach\u00e8te directement dans les billetteries des deux mus\u00e9es ou en ligne, sans surco\u00fbt.<\/p>\n\n\n\n<p>Il peut \u00eatre utilis\u00e9 pendant un an \u00e0 compter de la date d\u2019\u00e9mission. Les deux sites peuvent \u00eatre visit\u00e9s sur deux jours diff\u00e9rents.&nbsp;&nbsp;<\/p>\n\n\n\n<p>Les billetteries de Palazzo Reale et de Palazzo Spinola sont ouvertes jusqu\u2019\u00e0 30 minutes avant l\u2019horaire de fermeture des mus\u00e9es.<\/p>\n\n\n\n<p><\/p>\n\n\n\n<p>* <em>Du 13 janvier jusqu&rsquo;\u00e0 la fin mars 2026, le deuxi\u00e8me \u00e9tage noble du Palazzo Reale sera ferm\u00e9 pour d&rsquo;importants travaux de r\u00e9novation des installations d&rsquo;\u00e9clairage.<\/em> <em>L&rsquo;Appartamento dei principi ereditari (Appartement des princes h\u00e9ritiers) sera exceptionnellement ouvert au public.<\/em><\/p>\n\n\n\n<div style=\"height:10px\" aria-hidden=\"true\" class=\"wp-block-spacer\"><\/div>\n\n\n\n<div class=\"wp-block-buttons is-content-justification-center is-layout-flex wp-container-core-buttons-is-layout-16018d1d wp-block-buttons-is-layout-flex\">\n<div class=\"wp-block-button has-custom-width wp-block-button__width-50 is-style-outline is-style-outline--1\"><a class=\"wp-block-button__link has-gray-1-color has-primary-dark-background-color has-text-color has-background has-medium-font-size has-text-align-center has-custom-font-size wp-element-button\" href=\"https:\/\/wticket1.wingsoft.it\/biglietteria\/listaEventiPub.do?lang=it&amp;codice=SPINOLA-SPI&amp;m=202102\" target=\"_blank\" rel=\"noreferrer noopener\">Acheter en ligne<\/a><\/div>\n<\/div>\n\n\n\n<div style=\"height:20px\" aria-hidden=\"true\" class=\"wp-block-spacer\"><\/div>\n\n\n\n<p><\/p>\n\n\n\n<h2 class=\"wp-block-heading has-large-font-size\">Accessibilit\u00e9<\/h2>\n\n\n\n<p>Pour toute information, consulter la page d\u00e9di\u00e9e<\/p>\n\n\n\n<div style=\"height:20px\" aria-hidden=\"true\" class=\"wp-block-spacer\"><\/div>\n\n\n\n<h1 class=\"wp-block-heading has-large-font-size\">Groupes<\/h1>\n\n\n\n<p>La r\u00e9servation \u00e0 <a href=\"mailto:palazzospinola@cultura.gov.it\">palazzospinola@cultura.gov.it<\/a> est recommand\u00e9e pour les groupes (maximum 25 personnes incluant les guides et accompagnateur\u00b7ices), pour \u00e9viter l\u2019attente ou la superposition avec d\u2019autres groupes ou \u00e9v\u00e8nements \u00e9ventuels.<\/p>\n\n\n\n<p>Pour acheter les billets en avance, rendez-vous sur notre billetterie \u00e9lectronique.<\/p>\n\n\n\n<div style=\"height:20px\" aria-hidden=\"true\" class=\"wp-block-spacer\"><\/div>\n\n\n\n<h1 class=\"wp-block-heading has-large-font-size\">Informations<\/h1>\n\n\n\n<p>Pour des raisons de conservation du patrimoine, la consommation de nourriture ou de boisson est interdite tout au long du parcours de visite.<\/p>\n\n\n\n<p>A l\u2019int\u00e9rieur du mus\u00e9e, dans les escaliers et sur la terrasse monumentale, ne sont autoris\u00e9s que les chiens et autres animaux domestiques de petite taille, port\u00e9s dans un panier de transport adapt\u00e9 pendant toute la dur\u00e9e de la visite. Pour des raisons de conservation du patrimoine et pour la s\u00e9curit\u00e9 du public, l\u2019acc\u00e8s est interdit aux chiens et autres animaux domestiques de taille moyenne ou grande, m\u00eame tenus en laisse et\/ou avec museli\u00e8re. Dans le jardin, les chiens et animaux domestiques sont admis si tenus en laisse ou \u00e0 l\u2019int\u00e9rieur d\u2019un panier de transport adapt\u00e9s.<\/p>\n\n\n\n<p>Les photos des salles et \u0153uvres pour un usage personnel sont autoris\u00e9es. Pour des raisons de conservation, il est interdit d\u2019utiliser le flash. Une autorisation est n\u00e9cessaire pour toutes photographies professionnelles ou utilisation des images du mus\u00e9es.<\/p>\n\n\n\n<p><em>L\u2019Appartement del Marchese<\/em> est actuellement ferm\u00e9 au public. Nous signalerons ici ses prochaines ouvertures.<\/p>\n\n\n\n<p>Du 4 mars au 15 juin 2026, les troisi\u00e8mes et quatri\u00e8mes \u00e9tages de la Galerie Nationale de Palazzo Spinola sont <strong>ferm\u00e9s au public<\/strong>, en raison de travaux de r\u00e9vision des \u00e9quipements techniques.<\/p>\n\n\n\n<div style=\"height:20px\" aria-hidden=\"true\" class=\"wp-block-spacer\"><\/div>\n\n\n\n<h1 class=\"wp-block-heading has-large-font-size\">Contacts<\/h1>\n\n\n\n<p>Pour toute information sur les r\u00e9servations&nbsp;: palazzospinola@cultura.gov.it | tel. +39 <strong>010 27053329<\/strong> \u2013 +39 010 2705343 \u2013 +39 010 2705322 (horaires de bureau)<\/p>\n\n\n\n<p>Pour contacter et r\u00e9server les Services \u00e9ducatifs : palazzospinola.didattica@cultura.gov.it<\/p>\n\n\n\n<div style=\"height:30px\" aria-hidden=\"true\" class=\"wp-block-spacer\"><\/div>\n\n\n\n<h1 class=\"wp-block-heading has-large-font-size\">Services \u00e9ducatifs<\/h1>\n\n\n\n<p>Le Palazzo Spinola propose aux \u00e9coles un service de visites et activit\u00e9s gratuites, de la maternelle au lyc\u00e9e. Vous pouvez r\u00e9server en \u00e9crivant \u00e0 <a href=\"mailto:palazzospinola.didattica@cultura.gov.it\">palazzospinola.didattica@cultura.gov.it<\/a>. Pour plus d\u2019informations, consulter la page d\u00e9di\u00e9e.<\/p>\n\n\n\n<p>Attention&nbsp;: les visites sont pr\u00e9vues en langue italienne.<\/p>\n\n\n\n<div style=\"height:30px\" aria-hidden=\"true\" class=\"wp-block-spacer\"><\/div>\n<\/div>\n<\/div>\n\n\n\n<div style=\"height:50px\" aria-hidden=\"true\" class=\"wp-block-spacer\"><\/div>\n\n\n\n<h1 class=\"wp-block-heading\" id=\"come-arrivare\">Acc\u00e8s<\/h1>\n\n\n\n<div style=\"height:30px\" aria-hidden=\"true\" class=\"wp-block-spacer\"><\/div>\n\n\n\n<div class=\"wp-block-columns is-layout-flex wp-container-core-columns-is-layout-9d6595d7 wp-block-columns-is-layout-flex\">\n<div class=\"wp-block-column is-layout-flow wp-block-column-is-layout-flow\" style=\"flex-basis:66.66%\">\n<iframe loading=\"lazy\" marginheight=\"0\" marginwidth=\"0\" scrolling=\"no\" src=\"https:\/\/maps.google.it\/maps?f=q&amp;source=s_q&amp;hl=it&amp;geocode=&amp;q=Galleria+Nazionale+di+Palazzo+Spinola+Piazza+Pellicceria,+1+-16123+Genova&amp;aq=&amp;sll=44.41539,8.926091&amp;sspn=0.023971,0.038581&amp;ie=UTF8&amp;hq=Galleria+Nazionale+di+Palazzo+Spinola+Piazza+Pellicceria,+1+-16123+Genova&amp;t=m&amp;cid=4730949527820612408&amp;hnear=&amp;ll=44.41116,8.928237&amp;spn=0.01073,0.018239&amp;z=15&amp;iwloc=A&amp;output=embed\" width=\"100%\" height=\"550\" frameborder=\"0\"><\/iframe>\n\n\n\n<p><a href=\"http:\/\/maps.google.it\/maps?f=q&amp;source=embed&amp;hl=it&amp;geocode=&amp;q=Galleria+Nazionale+di+Palazzo+Spinola+Piazza+Pellicceria,+1+-16123+Genova&amp;aq=&amp;sll=44.41539,8.926091&amp;sspn=0.023971,0.038581&amp;ie=UTF8&amp;hq=Galleria+Nazionale+di+Palazzo+Spinola+Piazza+Pellicceria,+1+-16123+Genova&amp;t=m&amp;cid=4730949527820612408&amp;hnear=&amp;ll=44.41116,8.928237&amp;spn=0.01073,0.018239&amp;z=15&amp;iwloc=A\" target=\"_blank\" rel=\"noreferrer noopener\">Vue agrandie de la carte<\/a><\/p>\n<\/div>\n\n\n\n<div class=\"wp-block-column is-layout-flow wp-block-column-is-layout-flow\" style=\"flex-basis:50%\">\n<p><strong>Musei Nazionali di Genova <\/strong><\/p>\n\n\n\n<p><strong>Palazzo Spinola<\/strong> <strong>et Galleria Nazionale della Liguria<\/strong><br>Piazza Pellicceria, 1 &#8211; 16123 Genova<br><strong>010 27053329<\/strong> &#8211; 010.2705343 &#8211; 010.2705300 &#8211; 010.2477061<br><a href=\"mailto:palazzospinola@cultura.gov.it\">palazzospinola@cultura.gov.it<\/a><\/p>\n\n\n\n<p><strong>En transport en commun<\/strong><br><a href=\"http:\/\/www.amt.genova.it\" target=\"_blank\" rel=\"noreferrer noopener\">www.amt.genova.it<br><\/a><br><strong><strong>En M\u00e9tro<\/strong><\/strong><br>arr\u00eat <em>San Giorgio<\/em><\/p>\n\n\n\n<p><strong>En Bus<\/strong><br>&#8211; 1 (arr\u00eat <em>Caricamento<\/em>)<br>&#8211; 18, 39, 40 (arr\u00eat <em>Portello\/Interiano<\/em>)<br>&#8211; 35 (arr\u00eat <em>Fontane Marose<\/em>)<\/p>\n\n\n\n<p><strong>En Train<\/strong><br>\u2013 depuis la gare <em>Genova Piazza Principe<\/em>: 10 minutes \u00e0 pied; correspondance avec le m\u00e9tro (arr\u00eat <em>San Giorgio<\/em>), bus 35 (arr\u00eat <em>Fontane Marose<\/em>)<br>\u2013 depuis la gare de <em>Genova Brignole<\/em>: correspondance avec le m\u00e9tro (arr\u00eat <em>San Giorgio<\/em>), bus 18, 39, 40 (arr\u00eat <em>Portello\/Interiano<\/em>)<\/p>\n\n\n\n<p><strong>En voiture<\/strong><br>Parking payant : <em>Park Marina Porto Antico<\/em><\/p>\n<\/div>\n<\/div>\n\n\n\n<div style=\"height:50px\" aria-hidden=\"true\" class=\"wp-block-spacer\"><\/div>\n\n\n\n<div class=\"wp-block-group alignfull has-gray-1-background-color has-background\" style=\"padding-top:var(--wp--preset--spacing--60);padding-right:var(--wp--preset--spacing--50);padding-bottom:var(--wp--preset--spacing--60);padding-left:var(--wp--preset--spacing--50)\"><div class=\"wp-block-group__inner-container is-layout-constrained wp-container-core-group-is-layout-fcc72f54 wp-block-group-is-layout-constrained\">\n<h3 class=\"wp-block-heading has-text-align-center\">Inscrivez-vous \u00e0 la newsletter des Mus\u00e9es nationaux de G\u00eanes.<\/h3>\n\n\n\n<div class=\"wp-block-columns is-layout-flex wp-container-core-columns-is-layout-9d6595d7 wp-block-columns-is-layout-flex\">\n<div class=\"wp-block-column form-newsletter is-layout-flow wp-block-column-is-layout-flow\">\t\t\t\t\t<script type=\"text\/javascript\">\n\t\t\t\t\t\tvar gCaptchaSibWidget;\n                        var onloadSibCallbackInvisible = function () {\n\n                            var element = document.getElementsByClassName('sib-default-btn');\n                            var countInvisible = 0;\n                            var indexArray = [];\n                            jQuery('.sib-default-btn').each(function (index, el) {\n                                if ((jQuery(el).attr('id') == \"invisible\")) {\n                                    indexArray[countInvisible] = index;\n                                    countInvisible++\n                                }\n                            });\n\n                            jQuery('.invi-recaptcha').each(function (index, el) {\n                                grecaptcha.render(element[indexArray[index]], {\n                                    'sitekey': jQuery(el).attr('data-sitekey'),\n                                    'callback': sibVerifyCallback,\n                                });\n                            });\n                        };\n\t\t\t\t\t<\/script>\n\t\t\t\t\t                <script src=\"https:\/\/www.google.com\/recaptcha\/api.js?onload=onloadSibCallbackInvisible&render=explicit\" async defer><\/script>\n\t\t\t\t\n\t\t\t<form id=\"sib_signup_form_2\" method=\"post\" class=\"sib_signup_form\">\n\t\t\t\t<div class=\"sib_loader\" style=\"display:none;\"><img\n\t\t\t\t\t\t\tsrc=\"https:\/\/palazzospinola.cultura.gov.it\/wp-includes\/images\/spinner.gif\" alt=\"loader\"><\/div>\n\t\t\t\t<input type=\"hidden\" name=\"sib_form_action\" value=\"subscribe_form_submit\">\n\t\t\t\t<input type=\"hidden\" name=\"sib_form_id\" value=\"2\">\n                <input type=\"hidden\" name=\"sib_form_alert_notice\" value=\"Campo richiesto\">\n                <input type=\"hidden\" name=\"sib_form_invalid_email_notice\" value=\"Email non valida\">\n                <input type=\"hidden\" name=\"sib_security\" value=\"930c99b1ba\">\n\t\t\t\t<div class=\"sib_signup_box_inside_2\">\n\t\t\t\t\t<div style=\"\/*display:none*\/\" class=\"sib_msg_disp\">\n\t\t\t\t\t<\/div>\n                                            <div id=\"sib_captcha_invisible\" class=\"invi-recaptcha\" data-sitekey=\"6Lft9J8dAAAAAPYTG6NxLitC-HQlzq2uuz-ISwM4\"><\/div>\n                    \t\t\t\t\t<div class=\"needs-validation\">\r\n<p>\r\n    <label class=\"form-label\">Email*<\/label>\r\n    <input type=\"email\" class=\"form-control px-3\" name=\"email\" required=\"required\">\r\n<\/p>\r\n\r\n<p>Sei interessato a ricevere contenuto dedicato alle famiglie?<\/p>\r\n<p class=\"sib-multi-lists-area\">\r\n<div class=\"sib-multi-lists\" data-require=\"\">\r\n<div class=\"form-check\"><input type=\"checkbox\" class=\"form-check-input sib-interesting-lists\" value=\"48\" name=\"listIDs[]\"><label class=\"form-check-label\">FAMIGLIE AL MUSEO<\/label><\/div>\r\n<\/div><\/p>\r\n\r\n<p><small>Il vostro indirizzo e-mail viene utilizzato solo per inviarvi la nostra newsletter e informazioni sulle attivit\u00e0 dei Musei Nazionali di Genova. \u00c8 sempre possibile utilizzare il link di cancellazione incluso nella newsletter.<\/small><\/p>\r\n\r\n<div class=\"form-check\">\r\n<input class=\"form-check-input\" type=\"checkbox\" name=\"terms\" required=\"required\">\r\n<label class=\"form-check-label\">Accetto <a href=\"https:\/\/palazzorealegenova.cultura.gov.it\/privacy\/\">le condizioni della Privacy Policy<\/a> <\/label>\r\n<\/div>\r\n\r\n<p>\r\n    <input type=\"submit\" id=\"invisible\" class=\"sib-default-btn btn btn-primary\" value=\"Iscriviti\">\r\n<\/p>\r\n\r\n\r\n<\/div>\t\t\t\t<\/div>\n\t\t\t<\/form>\n\t\t\t<style>\n\t\t\t\tform#sib_signup_form_2 p.sib-alert-message {\n    padding: 6px 12px;\n    margin-bottom: 20px;\n    border: 1px solid transparent;\n    border-radius: 4px;\n    -webkit-box-sizing: border-box;\n    -moz-box-sizing: border-box;\n    box-sizing: border-box;\n}\nform#sib_signup_form_2 p.sib-alert-message-error {\n    background-color: #f2dede;\n    border-color: #ebccd1;\n    color: #a94442;\n}\nform#sib_signup_form_2 p.sib-alert-message-success {\n    background-color: #dff0d8;\n    border-color: #d6e9c6;\n    color: #3c763d;\n}\nform#sib_signup_form_2 p.sib-alert-message-warning {\n    background-color: #fcf8e3;\n    border-color: #faebcc;\n    color: #8a6d3b;\n}\n\t\t\t<\/style>\n\t\t\t\n<\/div>\n<\/div>\n<\/div><\/div>\n\n\n\n<p><\/p>\n","protected":false},"excerpt":{"rendered":"<p>Horaires Palazzo Spinola est ouvert au public sur les horaires suivants&nbsp;: Ouvertures sp\u00e9ciales Nous informons le public que jusqu\u2019\u00e0 la mi-juin 2026, les troisi\u00e8me et quatri\u00e8me \u00e9tages de la Galleria Nazionale di Palazzo Spinola seront ferm\u00e9s au public en raison de travaux de modernisation des installations techniques. Les visiteurs pourront d\u00e9couvrir les deux \u00e9tages historiques, &hellip; <a href=\"https:\/\/palazzospinola.cultura.gov.it\/fr\/preparer-votre-visite\/\">Leggi di pi\u00f9<\/a><\/p>\n","protected":false},"author":2,"featured_media":16113,"parent":0,"menu_order":0,"comment_status":"closed","ping_status":"closed","template":"","meta":{"_acf_changed":false,"footnotes":""},"class_list":["post-16110","page","type-page","status-publish","has-post-thumbnail","hentry"],"acf":[],"_links":{"self":[{"href":"https:\/\/palazzospinola.cultura.gov.it\/fr\/wp-json\/wp\/v2\/pages\/16110","targetHints":{"allow":["GET"]}}],"collection":[{"href":"https:\/\/palazzospinola.cultura.gov.it\/fr\/wp-json\/wp\/v2\/pages"}],"about":[{"href":"https:\/\/palazzospinola.cultura.gov.it\/fr\/wp-json\/wp\/v2\/types\/page"}],"author":[{"embeddable":true,"href":"https:\/\/palazzospinola.cultura.gov.it\/fr\/wp-json\/wp\/v2\/users\/2"}],"replies":[{"embeddable":true,"href":"https:\/\/palazzospinola.cultura.gov.it\/fr\/wp-json\/wp\/v2\/comments?post=16110"}],"version-history":[{"count":2,"href":"https:\/\/palazzospinola.cultura.gov.it\/fr\/wp-json\/wp\/v2\/pages\/16110\/revisions"}],"predecessor-version":[{"id":19653,"href":"https:\/\/palazzospinola.cultura.gov.it\/fr\/wp-json\/wp\/v2\/pages\/16110\/revisions\/19653"}],"wp:featuredmedia":[{"embeddable":true,"href":"https:\/\/palazzospinola.cultura.gov.it\/fr\/wp-json\/wp\/v2\/media\/16113"}],"wp:attachment":[{"href":"https:\/\/palazzospinola.cultura.gov.it\/fr\/wp-json\/wp\/v2\/media?parent=16110"}],"curies":[{"name":"wp","href":"https:\/\/api.w.org\/{rel}","templated":true}]}}