{"id":18251,"date":"2021-04-07T09:23:00","date_gmt":"2021-04-07T07:23:00","guid":{"rendered":"https:\/\/palazzospinola.cultura.gov.it\/?page_id=18251"},"modified":"2025-09-11T14:19:26","modified_gmt":"2025-09-11T12:19:26","slug":"les-proprietaires","status":"publish","type":"page","link":"https:\/\/palazzospinola.cultura.gov.it\/fr\/les-proprietaires\/","title":{"rendered":"Les propri\u00e9taires"},"content":{"rendered":"\n<div style=\"height:50px\" aria-hidden=\"true\" class=\"wp-block-spacer\"><\/div>\n\n\n<div class=\"timeline-block\"><div class=\"block-content\">\n<div class=\"row timeline-child-block\"><div class=\"col-lg-2 pr-lg-80 time-table-label\"><h2>1593<\/h2><\/div><div class=\"col-lg-10\"><div class=\"pl-lg-30 timeline-inner-block\"><h2>Francesco Grimaldi et Lelia Pallavicino<\/h2><div class=\"timeline-body\">\n\n<p>On ignore la date de naissance de Francesco Grimaldi, issu de l&rsquo;une des familles les plus anciennes et puissantes de G\u00eanes. Ce noble a men\u00e9 une brillante carri\u00e8re de banquier et de chef de guerre au service de Philippe II, roi d\u2019Espagne. En 1580, alors que la guerre pour la conqu\u00eate du Portugal fait rage, il sert le souverain \u00e0 la t\u00eate de quelques troupes de cavalerie. Avant 1593, il commence la construction de son palais \u00e0 G\u00eanes, dans le quartier de Pellicceria. Il meurt en 1606 et les inventaires dress\u00e9s \u00e0 cette occasion rappellent que le b\u00e2timent \u00e9tait d\u00e9j\u00e0 agr\u00e9ment\u00e9 d&rsquo;une riche collection. De cette collection, compos\u00e9e en grande partie de tapisseries, il ne reste aujourd&rsquo;hui que quelques peintures.<\/p>\n\n<\/div><\/div><\/div><\/div>\n\n<div class=\"row timeline-child-block\"><div class=\"col-lg-2 pr-lg-80 time-table-label\"><h2>1606<\/h2><\/div><div class=\"col-lg-10\"><div class=\"pl-lg-30 timeline-inner-block\"><h2>Tommaso Grimaldi et Dorotea Pallavicino<\/h2><div class=\"timeline-body\">\n\n<p>Tommaso Grimaldi est n\u00e9 vers 1600 et, lors de la mort de son p\u00e8re, Francesco, il \u00e9tait encore enfant. En 1623, il \u00e9pouse Dorotea Pallavicino et conna\u00eet quelques ann\u00e9es de prosp\u00e9rit\u00e9 \u00e9conomique avec elle. C&rsquo;est \u00e0 cette p\u00e9riode qu&rsquo;il fait r\u00e9aliser quelques fresques dans les salles du palais par le peintre Lazzaro Tavarone. Les sc\u00e8nes repr\u00e9sent\u00e9es c\u00e9l\u00e8brent les exploits des anc\u00eatres de Tommaso et les conqu\u00eates militaires de l\u2019Empire espagnol, dont la famille Grimaldi est une alli\u00e9e fid\u00e8le. Cependant, au cours des ann\u00e9es suivantes, Tommaso accumule d&rsquo;\u00e9normes dettes, peut-\u00eatre caus\u00e9es par le vice du jeu. En 1650, soit cinq ans avant sa mort, il est contraint de c\u00e9der ses propri\u00e9t\u00e9s \u00e0 son beau-fr\u00e8re Ansaldo Pallavicino.<\/p>\n\n<\/div><\/div><\/div><\/div>\n\n<div class=\"row timeline-child-block\"><div class=\"col-lg-2 pr-lg-80 time-table-label\"><h2>1650<\/h2><\/div><div class=\"col-lg-10\"><div class=\"pl-lg-30 timeline-inner-block\"><h2>Ansaldo Pallavicino et Teresa Lomellini<\/h2><div class=\"timeline-body\">\n<div id=\"banner-block-block_ae7a427fde10f92a4774a370cf403b5b\" class=\"ett-block banner-block square-elements\" ><div data-per-slide=\"3\" class=\"banner-block-slider loading-block\"><div class=\"slide \"><div class=\"content lazy-image lazy\"  style=\"background-image: url(https:\/\/palazzospinola.cultura.gov.it\/wp-content\/uploads\/2021\/06\/Spinola_001-Ansaldo-Pallavicino_w.jpg);\"><\/div><div class=\"body f-serif my-1 font-weight-bolder\" style=\"\"><\/div><\/div><\/div><\/div>\n\n\n<p>N\u00e9 en 1622, Ansaldo est le fils d&rsquo;un des principaux acteurs de la vie publique g\u00e9noise du XVII^e si\u00e8cle : Agostino Pallavicino. Doge en 1637, il \u00e9duquera son fils \u00e0 la politique et \u00e0 la passion pour les arts. On le voit aux c\u00f4t\u00e9s de son p\u00e8re sur certains tableaux, et il est le premier propri\u00e9taire du palais dont on conserve des portraits. En 1648, il \u00e9pouse Teresa Lomellini et emm\u00e9nage dans le palais de Tommaso Grimaldi, mari de la s\u0153ur d\u2019Ansaldo. Deux ans plus tard, il devient propri\u00e9taire de la maison en r\u00e9glant certaines dettes de son beau-fr\u00e8re. En 1658, il finance la d\u00e9coration de l&rsquo;\u00e9glise g\u00e9noise San Siro. Il meurt en 1660, \u00e0 l&rsquo;\u00e2ge de 38 ans, lors d&rsquo;un voyage \u00e0 Bruxelles, o\u00f9 il se rend pour soigner des probl\u00e8mes de sant\u00e9 aux thermes.<\/p>\n\n<\/div><\/div><\/div><\/div>\n\n<div class=\"row timeline-child-block\"><div class=\"col-lg-2 pr-lg-80 time-table-label\"><h2>1660<\/h2><\/div><div class=\"col-lg-10\"><div class=\"pl-lg-30 timeline-inner-block\"><h2>Nicol\u00f2 Agostino Pallavicino, Anna Maria Pallavicino et Gerolamo Doria<\/h2><div class=\"timeline-body\">\n\n<p>Fils d\u2019Ansaldo, il n\u2019a qu\u2019un an lorsque son p\u00e8re meurt. Comme son grand-p\u00e8re, Agostino, il devient ambassadeur et, en 1685, il est envoy\u00e9 par la R\u00e9publique de G\u00eanes aupr\u00e8s du roi d\u2019Angleterre Jacques II. Il d\u00e9cide alors de prendre les ordres et d&rsquo;entreprendre une carri\u00e8re eccl\u00e9siastique \u00e0 Rome. En 1709, il meurt, ayant d\u00e9sign\u00e9 sa s\u0153ur Anna Maria Pallavicino comme h\u00e9riti\u00e8re. Anna Maria \u00e9pouse Gerolamo Doria et leur fils, Paolo Francesco, na\u00eet de cette union. \u00c0 la mort de sa m\u00e8re, survenue en 1727, Paolo Francesco h\u00e9rite de la propri\u00e9t\u00e9 de la demeure.<\/p>\n\n<\/div><\/div><\/div><\/div>\n\n<div class=\"row timeline-child-block\"><div class=\"col-lg-2 pr-lg-80 time-table-label\"><h2>1732<\/h2><\/div><div class=\"col-lg-10\"><div class=\"pl-lg-30 timeline-inner-block\"><h2>Maddalena Doria et Nicol\u00f2 Spinola<\/h2><div class=\"timeline-body\">\n<div id=\"banner-block-block_762a8b3a217ec3ab2cd6e4e3e40b3332\" class=\"ett-block banner-block square-elements bg-white\" ><div data-per-slide=\"3\" class=\"banner-block-slider loading-block\"><div class=\"slide \"><div class=\"content lazy-image lazy\"  style=\"background-image: url(https:\/\/palazzospinola.cultura.gov.it\/wp-content\/uploads\/2021\/06\/Spinola_003-Maddalena-Doria_w.jpg);\"><\/div><div class=\"body f-serif my-1 font-weight-bolder\" style=\"\"><\/div><\/div><\/div><\/div>\n\n\n<p>Maddalena Doria est la fille d&rsquo;Anna Maria Pallavicino et de Gerolamo Doria. Elle devient propri\u00e9taire du palais en 1732, \u00e0 la mort de son fr\u00e8re Paolo Francesco, qui est rest\u00e9 c\u00e9libataire et sans enfants. Gr\u00e2ce \u00e0 son initiative, la demeure subit la r\u00e9novation d\u00e9corative la plus vaste de son histoire. Son mari, Nicol\u00f2 Spinola, est une figure importante de la politique g\u00e9noise. En 1740, il est \u00e9lu Doge de la R\u00e9publique. En 1760, avant de mourir, Maddalena lie le palais \u00e0 son fils a\u00een\u00e9.<\/p>\n\n<\/div><\/div><\/div><\/div>\n\n<div class=\"row timeline-child-block\"><div class=\"col-lg-2 pr-lg-80 time-table-label\"><h2>1760<\/h2><\/div><div class=\"col-lg-10\"><div class=\"pl-lg-30 timeline-inner-block\"><h2>Francesco Maria Spinola et Maria Giulia Fieschi<\/h2><div class=\"timeline-body\">\n\n<p>Francesco Maria Spinola est n\u00e9 en 1702 de Maddalena Doria et de Nicol\u00f2 Spinola de la branche de San Luca. En 1734, alors que sa m\u00e8re commence les importants travaux de restauration du palais, il \u00e9pouse Maria Giulia Fieschi, surnomm\u00e9e Lilla. Cependant, leurs enfants ne laisseront pas de descendance. Le premier-n\u00e9, Pasquale, souffre de troubles mentaux, et son fr\u00e8re, Paolo Francesco, est st\u00e9rile. Au XIX^e si\u00e8cle, le palais est transmis \u00e0 une autre branche de la famille Spinola, dite de Luccoli, par l\u2019interm\u00e9diaire de la s\u0153ur de Lilla, Maria Teresa Fieschi, qui \u00e9pouse en 1790 Giovanni Battista Spinola di Luccoli.<\/p>\n\n<\/div><\/div><\/div><\/div>\n\n<div class=\"row timeline-child-block\"><div class=\"col-lg-2 pr-lg-80 time-table-label\"><h2>1770<\/h2><\/div><div class=\"col-lg-10\"><div class=\"pl-lg-30 timeline-inner-block\"><h2>Paolo Francesco Spinola <\/h2><div class=\"timeline-body\">\n<div id=\"banner-block-block_111595012de37b044b8f8fe5f3a81477\" class=\"ett-block banner-block square-elements bg-white\" ><div data-per-slide=\"3\" class=\"banner-block-slider loading-block\"><div class=\"slide \"><div class=\"content lazy-image lazy\"  style=\"background-image: url(https:\/\/palazzospinola.cultura.gov.it\/wp-content\/uploads\/2021\/06\/Spinola_004-Paolo-Francesco_w.jpg);\"><\/div><div class=\"body f-serif my-1 font-weight-bolder\" style=\"\"><\/div><\/div><\/div><\/div>\n\n\n<p>Paolo Francesco Spinola est n\u00e9 en 1746. Il m\u00e8ne une vie ais\u00e9e, fr\u00e9quente des cercles culturels et voyage beaucoup. Bien qu&rsquo;il se soit mari\u00e9 deux fois, d&rsquo;abord avec Maria Brignole, puis avec Geronima de Mari, ces deux unions ont \u00e9t\u00e9 annul\u00e9es en raison de son impuissance. Il s\u00e9journe souvent en dehors de G\u00eanes, entre Rome et Pise, mais entretient une relation constante avec la demeure de Pellicceria. Il vit en premi\u00e8re personne les ann\u00e9es turbulentes de la R\u00e9volution fran\u00e7aise et de la chute de la R\u00e9publique de G\u00eanes (1797). Il meurt \u00e0 Pise en 1824 et y est enterr\u00e9, laissant en h\u00e9ritage le palais g\u00e9nois \u00e0 son cousin Giacomo Spinola.<\/p>\n\n<\/div><\/div><\/div><\/div>\n\n<div class=\"row timeline-child-block\"><div class=\"col-lg-2 pr-lg-80 time-table-label\"><h2>1824<\/h2><\/div><div class=\"col-lg-10\"><div class=\"pl-lg-30 timeline-inner-block\"><h2>Giacomo Spinola di Luccoli et Violantina Balbi<\/h2><div class=\"timeline-body\">\n<div id=\"banner-block-block_cb90cfd19a9e87de5a5bbde80b1d5b7c\" class=\"ett-block banner-block square-elements bg-white\" ><div data-per-slide=\"3\" class=\"banner-block-slider loading-block\"><div class=\"slide \"><div class=\"content lazy-image lazy\"  style=\"background-image: url(https:\/\/palazzospinola.cultura.gov.it\/wp-content\/uploads\/2021\/06\/Spinola_005-Giacomo-Spinola-1_w.jpg);\"><\/div><div class=\"body f-serif my-1 font-weight-bolder\" style=\"\"><\/div><\/div><div class=\"slide \"><div class=\"content lazy-image lazy\"  style=\"background-image: url(https:\/\/palazzospinola.cultura.gov.it\/wp-content\/uploads\/2021\/06\/Spinola_005-Giacomo-Spinola-2_w.jpg);\"><\/div><div class=\"body f-serif my-1 font-weight-bolder\" style=\"\"><\/div><\/div><\/div><\/div>\n\n\n<p>Giacomo Spinola est n\u00e9 en 1780 et est un lointain parent de Paolo Francesco. Il a grandi dans le palais de la famille, via Luccoli, et y a continu\u00e9 \u00e0 vivre apr\u00e8s son mariage avec Violantina Balbi, c\u00e9l\u00e9br\u00e9 en 1802. Violantina est une femme cultiv\u00e9e, \u00e9crivaine et peintre amateur, h\u00e9riti\u00e8re d&rsquo;un important patrimoine de biens et d&rsquo;\u0153uvres d&rsquo;art. En 1824, le couple s&rsquo;installe au Palazzo Spinola, o\u00f9 sont rassembl\u00e9es leurs collections. Entretemps, G\u00eanes est devenue une partie du royaume de Sardaigne. Giacomo soutient la politique des Savoie et Violantina devient dame de compagnie de la reine. Tous deux m\u00e8nent une vie ais\u00e9e, unis par une foi religieuse tr\u00e8s forte.<\/p>\n\n<\/div><\/div><\/div><\/div>\n\n<div class=\"row timeline-child-block\"><div class=\"col-lg-2 pr-lg-80 time-table-label\"><h2>1858<\/h2><\/div><div class=\"col-lg-10\"><div class=\"pl-lg-30 timeline-inner-block\"><h2>Francesco Gaetano Spinola et Teresa Centurione Scotto<\/h2><div class=\"timeline-body\">\n<div id=\"banner-block-block_5d2d003602b1db5b3f6610be7fa7dae5\" class=\"ett-block banner-block square-elements bg-white\" ><div data-per-slide=\"3\" class=\"banner-block-slider loading-block\"><div class=\"slide \"><div class=\"content lazy-image lazy\"  style=\"background-image: url(https:\/\/palazzospinola.cultura.gov.it\/wp-content\/uploads\/2021\/06\/Spinola_006-Francesco-Gaetano-1_w.jpg);\"><\/div><div class=\"body f-serif my-1 font-weight-bolder\" style=\"\"><\/div><\/div><div class=\"slide \"><div class=\"content lazy-image lazy\"  style=\"background-image: url(https:\/\/palazzospinola.cultura.gov.it\/wp-content\/uploads\/2021\/06\/Spinola_006-Francesco-Gaetano-2_w.jpg);\"><\/div><div class=\"body f-serif my-1 font-weight-bolder\" style=\"\"><\/div><\/div><\/div><\/div>\n\n\n<p>Francesco Gaetano est le seul fils de Giacomo et Violantina, et il est n\u00e9 en 1819. En 1849, il \u00e9pouse Teresa Centurione Scotto, avec qui il aura de nombreux enfants. \u00c0 la mort de son p\u00e8re en 1858, il h\u00e9rite d&rsquo;une fortune consid\u00e9rable. \u00c0 la fin du XIX^e si\u00e8cle, les premi\u00e8res expositions d&rsquo;art ancien sont organis\u00e9es \u00e0 G\u00eanes. Il y participe en pr\u00eatant \u00e0 plusieurs reprises les \u0153uvres de sa collection, rassembl\u00e9es au palais Spinola. Les tr\u00e9sors de la demeure commencent ainsi \u00e0 \u00eatre connus d&rsquo;un public plus large.<\/p>\n\n<\/div><\/div><\/div><\/div>\n\n<div class=\"row timeline-child-block\"><div class=\"col-lg-2 pr-lg-80 time-table-label\"><h2>1905<\/h2><\/div><div class=\"col-lg-10\"><div class=\"pl-lg-30 timeline-inner-block\"><h2>Ugo Spinola et Solferina Serra<\/h2><div class=\"timeline-body\">\n<div id=\"banner-block-block_9414d1b4d0c18b797118b6d28e44a768\" class=\"ett-block banner-block square-elements bg-white\" ><div data-per-slide=\"3\" class=\"banner-block-slider loading-block\"><div class=\"slide \"><div class=\"content lazy-image lazy\"  style=\"background-image: url(https:\/\/palazzospinola.cultura.gov.it\/wp-content\/uploads\/2021\/06\/Spinola_007-Ugo-Spinola-1_w.jpg);\"><\/div><div class=\"body f-serif my-1 font-weight-bolder\" style=\"\"><\/div><\/div><div class=\"slide \"><div class=\"content lazy-image lazy\"  style=\"background-image: url(https:\/\/palazzospinola.cultura.gov.it\/wp-content\/uploads\/2021\/06\/Spinola_007-Ugo-Spinola-2_w.jpg);\"><\/div><div class=\"body f-serif my-1 font-weight-bolder\" style=\"\"><\/div><\/div><\/div><\/div>\n\n\n<p>Ugo Spinola, le fils a\u00een\u00e9 de Francesco Gaetano, \u00e9pouse Solferina Serra en 1877. Le couple ne s&rsquo;installe dans la demeure de Pellicceria qu&rsquo;en 1905. Cependant, ils d\u00e9cident bient\u00f4t d&rsquo;aller vivre dans la villa Spinola de San Michele di Pagana, au bord de la mer. Ugo consolide la fortune familiale gr\u00e2ce \u00e0 des activit\u00e9s innovantes, en g\u00e9rant le patrimoine immobilier et les terres viticoles dont le vin est export\u00e9 \u00e0 l&rsquo;\u00e9tranger. La vie d&rsquo;Ugo et de Solferina oscille entre tradition et modernit\u00e9. Ils entrent en contact avec de nouvelles tendances et activit\u00e9s de loisirs venues d&rsquo;Angleterre. Solferina pratique le tennis et le v\u00e9lo, tandis qu&rsquo;Ugo se passionne pour l&rsquo;automobile et la voile.<\/p>\n\n<\/div><\/div><\/div><\/div>\n\n<div class=\"row timeline-child-block\"><div class=\"col-lg-2 pr-lg-80 time-table-label\"><h2>1925<\/h2><\/div><div class=\"col-lg-10\"><div class=\"pl-lg-30 timeline-inner-block\"><h2>Franco Spinola<\/h2><div class=\"timeline-body\">\n<div id=\"banner-block-block_6aee75ae862873e3ab54686f7a3eeed2\" class=\"ett-block banner-block square-elements bg-white\" ><div data-per-slide=\"3\" class=\"banner-block-slider loading-block\"><div class=\"slide \"><div class=\"content lazy-image lazy\"  style=\"background-image: url(https:\/\/palazzospinola.cultura.gov.it\/wp-content\/uploads\/2021\/06\/Spinola_008-Franco-Spinola_w.jpg);\"><\/div><div class=\"body f-serif my-1 font-weight-bolder\" style=\"\"><\/div><\/div><\/div><\/div>\n\n\n<p>N\u00e9 en 1878, il re\u00e7oit une \u00e9ducation prestigieuse. Il \u00e9tudie \u00e0 G\u00eanes, \u00e0 Turin, puis \u00e0 la Regia Accademia Navale de Livourne, o\u00f9 il entre en 1896. Il entame alors une brillante carri\u00e8re militaire qui l&rsquo;am\u00e8ne \u00e0 voyager \u00e0 travers le monde et \u00e0 prendre part \u00e0 diverses op\u00e9rations militaires. Il a combattu lors des deux guerres mondiales et a \u00e9t\u00e9 promu au grade d&rsquo;amiral. Il ne se marie pas et passe une grande partie de sa vie \u00e0 la villa de Pagana. Le 31 mai 1958, quelques jours avant sa mort, il signe avec son fr\u00e8re Paolo un acte de donation par lequel il l\u00e8gue le palais et la collection qu\u2019il y conserve \u00e0 l\u2019\u00c9tat italien. Il d\u00e9cide de l\u00e9guer la villa de San Michele di Pagana \u00e0 l\u2019Ordre souverain militaire de Malte, dont il est membre.<\/p>\n\n<\/div><\/div><\/div><\/div>\n\n<div class=\"row timeline-child-block\"><div class=\"col-lg-2 pr-lg-80 time-table-label\"><h2>1958<\/h2><\/div><div class=\"col-lg-10\"><div class=\"pl-lg-30 timeline-inner-block\"><h2>Paolo Spinola<\/h2><div class=\"timeline-body\">\n<div id=\"banner-block-block_18b5d3926abc030c08a2320b4ed9b73c\" class=\"ett-block banner-block square-elements bg-white\" ><div data-per-slide=\"3\" class=\"banner-block-slider loading-block\"><div class=\"slide \"><div class=\"content lazy-image lazy\"  style=\"background-image: url(https:\/\/palazzospinola.cultura.gov.it\/wp-content\/uploads\/2021\/06\/Spinola_009-Paolo-Spinola_w.jpg);\"><\/div><div class=\"body f-serif my-1 font-weight-bolder\" style=\"\"><\/div><\/div><\/div><\/div>\n\n\n<p>Paolo Spinola semble \u00eatre le rebelle de la famille. N\u00e9 en 1880, il s&rsquo;inscrit \u00e0 la facult\u00e9 de chimie sans aller jusqu&rsquo;au bout de ses \u00e9tudes. L\u2019\u00e9loignement de son fr\u00e8re a\u00een\u00e9 le contraint \u00e0 rejoindre son p\u00e8re, Ugo, dans les affaires familiales. En 1910, il \u00e9pouse Virginia Peirano, la fille d&rsquo;un armateur ligure n\u00e9e en Roumanie et \u00e9lev\u00e9e \u00e0 Londres. Apr\u00e8s quelques ann\u00e9es de passion, de voyages dans des endroits exclusifs et de shopping effr\u00e9n\u00e9, le mariage \u00e9choue et, en 1923, le couple parvient \u00e0 obtenir le divorce \u00e0 Fiume. Virginia se remarie alors avec le riche Anglais Stephen Courtauld. Paolo restera ensuite toute sa vie li\u00e9 \u00e0 l\u2019actrice Hyd\u00e9e Urbani, qui abandonnera les planches pour lui. \u00c0 la mort de Paolo, en 1969, l\u2019ancienne maison familiale est devenue un mus\u00e9e dix ans plus t\u00f4t.<\/p>\n\n<\/div><\/div><\/div><\/div>\n<\/div><\/div>\n\n\n<div style=\"height:50px\" aria-hidden=\"true\" class=\"wp-block-spacer\"><\/div>\n","protected":false},"excerpt":{"rendered":"","protected":false},"author":2,"featured_media":18158,"parent":0,"menu_order":0,"comment_status":"closed","ping_status":"closed","template":"","meta":{"_acf_changed":false,"footnotes":""},"class_list":["post-18251","page","type-page","status-publish","has-post-thumbnail","hentry"],"acf":[],"_links":{"self":[{"href":"https:\/\/palazzospinola.cultura.gov.it\/fr\/wp-json\/wp\/v2\/pages\/18251","targetHints":{"allow":["GET"]}}],"collection":[{"href":"https:\/\/palazzospinola.cultura.gov.it\/fr\/wp-json\/wp\/v2\/pages"}],"about":[{"href":"https:\/\/palazzospinola.cultura.gov.it\/fr\/wp-json\/wp\/v2\/types\/page"}],"author":[{"embeddable":true,"href":"https:\/\/palazzospinola.cultura.gov.it\/fr\/wp-json\/wp\/v2\/users\/2"}],"replies":[{"embeddable":true,"href":"https:\/\/palazzospinola.cultura.gov.it\/fr\/wp-json\/wp\/v2\/comments?post=18251"}],"version-history":[{"count":2,"href":"https:\/\/palazzospinola.cultura.gov.it\/fr\/wp-json\/wp\/v2\/pages\/18251\/revisions"}],"predecessor-version":[{"id":18407,"href":"https:\/\/palazzospinola.cultura.gov.it\/fr\/wp-json\/wp\/v2\/pages\/18251\/revisions\/18407"}],"wp:featuredmedia":[{"embeddable":true,"href":"https:\/\/palazzospinola.cultura.gov.it\/fr\/wp-json\/wp\/v2\/media\/18158"}],"wp:attachment":[{"href":"https:\/\/palazzospinola.cultura.gov.it\/fr\/wp-json\/wp\/v2\/media?parent=18251"}],"curies":[{"name":"wp","href":"https:\/\/api.w.org\/{rel}","templated":true}]}}