{"id":18345,"date":"2025-02-11T12:48:22","date_gmt":"2025-02-11T11:48:22","guid":{"rendered":"https:\/\/palazzospinola.cultura.gov.it\/?page_id=18345"},"modified":"2025-09-10T11:11:11","modified_gmt":"2025-09-10T09:11:11","slug":"renovation-works-2024-2025","status":"publish","type":"page","link":"https:\/\/palazzospinola.cultura.gov.it\/fr\/home-2\/renovation-works-2024-2025\/","title":{"rendered":"Chantiers de restauration 2024\/2025"},"content":{"rendered":"\n<p><strong>TRAVAUX, R\u00c9NOVATIONS ET CHANTIERS DE RESTAURATION<\/strong><\/p>\n\n\n\n<p>D\u00e9placement des archives et de la section graphique dans un environnement sp\u00e9cialement \u00e9quip\u00e9 d&rsquo;un microclimat et dot\u00e9 de rayonnages con\u00e7us \u00e0 cet effet, en collaboration avec la surintendance archivistique et bibliographique de la Ligurie.<\/p>\n\n\n\n<p>R\u00e9am\u00e9nagement du \u00ab Salon de l\u2019alc\u00f4ve \u00bb au premier \u00e9tage noble et de la \u00ab Gallerietta \u00bb.<\/p>\n\n\n\n<p>R\u00e9am\u00e9nagement de la nouvelle section c\u00e9ramique dans les cuisines historiques.<\/p>\n\n\n\n<div style=\"height:20px\" aria-hidden=\"true\" class=\"wp-block-spacer\"><\/div>\n\n\n\n<p><strong>RESTAURATIONS D\u2019\u0152UVRES MOBILES<\/strong><\/p>\n\n\n\n<p><\/p>\n\n\n\n<p><strong>Les restaurations ont \u00e9t\u00e9 financ\u00e9es par le minist\u00e8re de la Culture.<\/strong><\/p>\n\n\n\n<ul class=\"wp-block-list\">\n<li>Giovanni Raffaele Badaracco, <em>All\u00e9gorie de la peinture<\/em>;<\/li>\n\n\n\n<li>Giovanni Raffaele Badaracco, <em>Autoportrait<\/em>;<\/li>\n\n\n\n<li>Luca Cambiaso et collaborateur, <em>Sainte Famille avec saint Giovannino<\/em>;<\/li>\n\n\n\n<li>Juan de Vald\u00e9s Leal, <em>La Lib\u00e9ration de saint Pierre<\/em>;<\/li>\n\n\n\n<li>James Durno, <em>Le Massacre des Justiniens de Scio<\/em>;<\/li>\n\n\n\n<li>Frans Floris, <em>Sc\u00e8ne all\u00e9gorique<\/em>;<\/li>\n\n\n\n<li>Lorenzo Massa, <em>Autoportrait<\/em>;<\/li>\n\n\n\n<li><em>Crucifix en ivoire et argent<\/em>;<\/li>\n\n\n\n<li><em>Console et miroir<\/em>;<\/li>\n\n\n\n<li>A. Franzone, <em>Nobilt\u00e0 di Genova<\/em> (volume).<\/li>\n<\/ul>\n\n\n\n<p><strong>R\u00e9visions conservatoires demand\u00e9es en contrepartie du pr\u00eat pour l&rsquo;exposition.<\/strong><\/p>\n\n\n\n<ul class=\"wp-block-list\">\n<li>Alessandro Magnasco, <em>Martyre de saint \u00c9rasme<\/em>;<\/li>\n\n\n\n<li>Giovan Battista Castiglione, dit le Grechetto, <em>s\u00e9rie de cinq gravures<\/em>.<\/li>\n<\/ul>\n\n\n\n<p><strong>Restauration Art Bonus<br><\/strong><em>Avec cofinancement Mic*<\/em><\/p>\n\n\n\n<ul class=\"wp-block-list\">\n<li>Marcantonio Franceschini, <em>Noli me tangere<\/em>;<\/li>\n\n\n\n<li>Giovanni Andrea Delle Piane, <em>Portrait du vicaire Salvatore Castelli<\/em>;<\/li>\n\n\n\n<li>Carte g\u00e9ographique, <em>Planisph\u00e8re<\/em>, XVII^e si\u00e8cle (s\u00e9rie de six cartes).<\/li>\n<\/ul>\n\n\n\n<p><em>Il convient de signaler que les interventions Art Bonus ont re\u00e7u des subventions lib\u00e9rales de 14 570,00 \u20ac et que le palais Spinola a re\u00e7u un cofinancement du minist\u00e8re de la Culture de 64 022,60 \u20ac.<\/em><\/p>\n\n\n\n<p><\/p>\n","protected":false},"excerpt":{"rendered":"<p>TRAVAUX, R\u00c9NOVATIONS ET CHANTIERS DE RESTAURATION D\u00e9placement des archives et de la section graphique dans un environnement sp\u00e9cialement \u00e9quip\u00e9 d&rsquo;un microclimat et dot\u00e9 de rayonnages con\u00e7us \u00e0 cet effet, en collaboration avec la surintendance archivistique et bibliographique de la Ligurie. R\u00e9am\u00e9nagement du \u00ab Salon de l\u2019alc\u00f4ve \u00bb au premier \u00e9tage noble et de la \u00ab &hellip; <a href=\"https:\/\/palazzospinola.cultura.gov.it\/fr\/home-2\/renovation-works-2024-2025\/\">Leggi di pi\u00f9<\/a><\/p>\n","protected":false},"author":2,"featured_media":18347,"parent":18211,"menu_order":0,"comment_status":"closed","ping_status":"closed","template":"","meta":{"_acf_changed":false,"footnotes":""},"class_list":["post-18345","page","type-page","status-publish","has-post-thumbnail","hentry"],"acf":[],"_links":{"self":[{"href":"https:\/\/palazzospinola.cultura.gov.it\/fr\/wp-json\/wp\/v2\/pages\/18345","targetHints":{"allow":["GET"]}}],"collection":[{"href":"https:\/\/palazzospinola.cultura.gov.it\/fr\/wp-json\/wp\/v2\/pages"}],"about":[{"href":"https:\/\/palazzospinola.cultura.gov.it\/fr\/wp-json\/wp\/v2\/types\/page"}],"author":[{"embeddable":true,"href":"https:\/\/palazzospinola.cultura.gov.it\/fr\/wp-json\/wp\/v2\/users\/2"}],"replies":[{"embeddable":true,"href":"https:\/\/palazzospinola.cultura.gov.it\/fr\/wp-json\/wp\/v2\/comments?post=18345"}],"version-history":[{"count":2,"href":"https:\/\/palazzospinola.cultura.gov.it\/fr\/wp-json\/wp\/v2\/pages\/18345\/revisions"}],"predecessor-version":[{"id":18351,"href":"https:\/\/palazzospinola.cultura.gov.it\/fr\/wp-json\/wp\/v2\/pages\/18345\/revisions\/18351"}],"up":[{"embeddable":true,"href":"https:\/\/palazzospinola.cultura.gov.it\/fr\/wp-json\/wp\/v2\/pages\/18211"}],"wp:featuredmedia":[{"embeddable":true,"href":"https:\/\/palazzospinola.cultura.gov.it\/fr\/wp-json\/wp\/v2\/media\/18347"}],"wp:attachment":[{"href":"https:\/\/palazzospinola.cultura.gov.it\/fr\/wp-json\/wp\/v2\/media?parent=18345"}],"curies":[{"name":"wp","href":"https:\/\/api.w.org\/{rel}","templated":true}]}}