{"id":18354,"date":"2021-05-25T12:56:06","date_gmt":"2021-05-25T10:56:06","guid":{"rendered":"https:\/\/palazzospinola.cultura.gov.it\/?page_id=18354"},"modified":"2025-09-10T12:21:15","modified_gmt":"2025-09-10T10:21:15","slug":"pret-doeuvres","status":"publish","type":"page","link":"https:\/\/palazzospinola.cultura.gov.it\/fr\/pret-doeuvres\/","title":{"rendered":"Pr\u00eat d\u2019\u0153uvres"},"content":{"rendered":"\n<div style=\"height:30px\" aria-hidden=\"true\" class=\"wp-block-spacer\"><\/div>\n\n\n\n<h2 class=\"wp-block-heading\" id=\"servizio-prestito-delle-opere\">Service de pr\u00eat des \u0153uvres<\/h2>\n\n\n\n<div style=\"height:30px\" aria-hidden=\"true\" class=\"wp-block-spacer\"><\/div>\n\n\n\n<div class=\"wp-block-media-text alignwide is-stacked-on-mobile\"><figure class=\"wp-block-media-text__media\"><img loading=\"lazy\" decoding=\"async\" width=\"400\" height=\"400\" src=\"https:\/\/palazzospinola.cultura.gov.it\/wp-content\/uploads\/2021\/09\/Capolavori.08.Sacrificio-di-Isacco.jpg\" alt=\"Sacrificio di Isacco\" class=\"wp-image-2767 size-full\" srcset=\"https:\/\/palazzospinola.cultura.gov.it\/wp-content\/uploads\/2021\/09\/Capolavori.08.Sacrificio-di-Isacco.jpg 400w, https:\/\/palazzospinola.cultura.gov.it\/wp-content\/uploads\/2021\/09\/Capolavori.08.Sacrificio-di-Isacco-300x300.jpg 300w, https:\/\/palazzospinola.cultura.gov.it\/wp-content\/uploads\/2021\/09\/Capolavori.08.Sacrificio-di-Isacco-150x150.jpg 150w, https:\/\/palazzospinola.cultura.gov.it\/wp-content\/uploads\/2021\/09\/Capolavori.08.Sacrificio-di-Isacco-75x75.jpg 75w\" sizes=\"auto, (max-width: 400px) 100vw, 400px\" \/><\/figure><div class=\"wp-block-media-text__content\">\n<p>Les Mus\u00e9es nationaux de G\u00eanes (Palazzo Spinola, Galleria Nazionale della Liguria et Palazzo Reale) peuvent autoriser la sortie temporaire de biens culturels de leur patrimoine pour des manifestations, des expositions ou des expositions d&rsquo;un grand int\u00e9r\u00eat culturel, \u00e0 condition que l&rsquo;int\u00e9grit\u00e9 et la s\u00e9curit\u00e9 soient garanties et que le pr\u00eat n&rsquo;appauvrisse pas les collections.<\/p>\n\n\n\n<p>Le r\u00e8glement est accompagn\u00e9 d&rsquo;une liste des \u0153uvres identitaires exclues du pr\u00eat en raison de leur importance pour la collection (annexe A) et des \u0153uvres identitaires dont le pr\u00eat est soumis \u00e0 condition (annexe B).<\/p>\n\n\n\n<p><\/p>\n\n\n\n<p><a href=\"https:\/\/palazzospinola.cultura.gov.it\/wp-content\/uploads\/2024\/03\/DETERMINA-N.-47_regolamento-prestito-opere-PAL-GE-signed.pdf\" data-type=\"attachment\" data-id=\"18088\">R\u00e8glement relatif au pr\u00eat d&rsquo;\u0153uvres<\/a><\/p>\n\n\n\n<p><\/p>\n\n\n\n<p>Pour plus d&rsquo;informations, veuillez contacter :<br>T\u00e9l. : +39 010.2705322<br><a href=\"mailto:pal-ge@cultura.gov.it\">pal-ge@cultura.gov.it<\/a><\/p>\n<\/div><\/div>\n\n\n\n<div style=\"height:50px\" aria-hidden=\"true\" class=\"wp-block-spacer\"><\/div>\n","protected":false},"excerpt":{"rendered":"<p>Service de pr\u00eat des \u0153uvres Les Mus\u00e9es nationaux de G\u00eanes (Palazzo Spinola, Galleria Nazionale della Liguria et Palazzo Reale) peuvent autoriser la sortie temporaire de biens culturels de leur patrimoine pour des manifestations, des expositions ou des expositions d&rsquo;un grand int\u00e9r\u00eat culturel, \u00e0 condition que l&rsquo;int\u00e9grit\u00e9 et la s\u00e9curit\u00e9 soient garanties et que le pr\u00eat &hellip; <a href=\"https:\/\/palazzospinola.cultura.gov.it\/fr\/pret-doeuvres\/\">Leggi di pi\u00f9<\/a><\/p>\n","protected":false},"author":2,"featured_media":17770,"parent":0,"menu_order":0,"comment_status":"closed","ping_status":"closed","template":"","meta":{"_acf_changed":false,"footnotes":""},"class_list":["post-18354","page","type-page","status-publish","has-post-thumbnail","hentry"],"acf":[],"_links":{"self":[{"href":"https:\/\/palazzospinola.cultura.gov.it\/fr\/wp-json\/wp\/v2\/pages\/18354","targetHints":{"allow":["GET"]}}],"collection":[{"href":"https:\/\/palazzospinola.cultura.gov.it\/fr\/wp-json\/wp\/v2\/pages"}],"about":[{"href":"https:\/\/palazzospinola.cultura.gov.it\/fr\/wp-json\/wp\/v2\/types\/page"}],"author":[{"embeddable":true,"href":"https:\/\/palazzospinola.cultura.gov.it\/fr\/wp-json\/wp\/v2\/users\/2"}],"replies":[{"embeddable":true,"href":"https:\/\/palazzospinola.cultura.gov.it\/fr\/wp-json\/wp\/v2\/comments?post=18354"}],"version-history":[{"count":1,"href":"https:\/\/palazzospinola.cultura.gov.it\/fr\/wp-json\/wp\/v2\/pages\/18354\/revisions"}],"predecessor-version":[{"id":18357,"href":"https:\/\/palazzospinola.cultura.gov.it\/fr\/wp-json\/wp\/v2\/pages\/18354\/revisions\/18357"}],"wp:featuredmedia":[{"embeddable":true,"href":"https:\/\/palazzospinola.cultura.gov.it\/fr\/wp-json\/wp\/v2\/media\/17770"}],"wp:attachment":[{"href":"https:\/\/palazzospinola.cultura.gov.it\/fr\/wp-json\/wp\/v2\/media?parent=18354"}],"curies":[{"name":"wp","href":"https:\/\/api.w.org\/{rel}","templated":true}]}}