{"id":18383,"date":"2021-05-25T12:46:12","date_gmt":"2021-05-25T10:46:12","guid":{"rendered":"https:\/\/palazzospinola.cultura.gov.it\/?page_id=18383"},"modified":"2025-09-10T17:03:53","modified_gmt":"2025-09-10T15:03:53","slug":"phototheque-et-archives","status":"publish","type":"page","link":"https:\/\/palazzospinola.cultura.gov.it\/fr\/phototheque-et-archives\/","title":{"rendered":"Phototh\u00e8que et archives"},"content":{"rendered":"\n<p>Les archives actuelles et la phototh\u00e8que sont des outils fondamentaux pour l\u2019\u00e9tude du palais et de ses collections. Elles sont accessibles au public et aux chercheurs sur demande. Le mus\u00e9e fournit \u00e9galement des images \u00e0 des fins d&rsquo;\u00e9tude et de publication.<\/p>\n\n\n\n<div style=\"height:30px\" aria-hidden=\"true\" class=\"wp-block-spacer\"><\/div>\n\n\n\n<h3 class=\"wp-block-heading\" id=\"fototeca\">Phototh\u00e8que<\/h3>\n\n\n\n<p>Le mus\u00e9e conserve une collection de photographies historiques et r\u00e9centes des pi\u00e8ces du palais et des \u0153uvres pertinentes pour ses collections (Galerie nationale de Palazzo Spinola et Galerie nationale de Ligurie). Pour toute demande d&rsquo;images (\u00e0 des fins d&rsquo;\u00e9tude ou de publication), vous pouvez t\u00e9l\u00e9charger le formulaire ici.<\/p>\n\n\n\n<div style=\"height:30px\" aria-hidden=\"true\" class=\"wp-block-spacer\"><\/div>\n\n\n\n<h3 class=\"wp-block-heading\" id=\"archivio-corrente\">Archive actuelle<\/h3>\n\n\n\n<p>Le mus\u00e9e rassemble les fiches OA et les fiches de restauration des \u0153uvres qu&rsquo;il conserve. Pour consulter l&rsquo;archive actuelle, il est n\u00e9cessaire d&rsquo;envoyer un e-mail \u00e0 l&rsquo;adresse palazzospinola@cultura.gov.it afin de fixer un rendez-vous, en pr\u00e9cisant le motif de la demande.<\/p>\n\n\n\n<div style=\"height:30px\" aria-hidden=\"true\" class=\"wp-block-spacer\"><\/div>\n\n\n\n<h3 class=\"wp-block-heading\" id=\"archivio-storico\">Archives historiques<a href=\"https:\/\/synonyms.reverso.net\/sinonimi\/fr\/archives%20historiques\" target=\"_blank\" rel=\"noreferrer noopener\"><\/a><\/h3>\n\n\n\n<p class=\"has-medium-font-size\"><strong>Du 15 mai 2023 \u00e0 la fin du 2025, la consultation des documents conserv\u00e9s dans les archives historiques de Palazzo Spinola est suspendue en raison de travaux de mise \u00e0 jour des installations et du d\u00e9placement du mat\u00e9riel archivistique, qui sera ensuite r\u00e9agenc\u00e9. Il sera de nouveau possible de consulter les archives historiques (sur rendez-vous) \u00e0 partir du d\u00e9but du mois de janvier 2026.<\/strong><\/p>\n\n\n\n<p>Palazzo Spinola abrite une importante archive historique compos\u00e9e de nombreux fonds documentaires, donn\u00e9s en 1958 avec le palais et ses collections \u00e0 l\u2019\u00c9tat italien. On y trouve notamment des documents datant du XVII^e au XX^e si\u00e8cle appartenant aux familles Grimaldi, Pallavicino, Balbi, Doria, Fieschi et Spinola.<\/p>\n\n\n\n<p>Ces documents constituent une source fondamentale non seulement pour l\u2019\u00e9tude du mus\u00e9e, mais aussi pour la reconstruction de l\u2019histoire, de la culture et des coutumes g\u00e9noises.<\/p>\n\n\n\n<p>Pour consulter les archives historiques, il est n\u00e9cessaire d&rsquo;envoyer un e-mail \u00e0 l&rsquo;adresse palazzospinola@cultura.gov.it afin de fixer un rendez-vous, en pr\u00e9cisant le motif de la demande.<\/p>\n\n\n\n<div style=\"height:50px\" aria-hidden=\"true\" class=\"wp-block-spacer\"><\/div>\n","protected":false},"excerpt":{"rendered":"<p>Les archives actuelles et la phototh\u00e8que sont des outils fondamentaux pour l\u2019\u00e9tude du palais et de ses collections. Elles sont accessibles au public et aux chercheurs sur demande. Le mus\u00e9e fournit \u00e9galement des images \u00e0 des fins d&rsquo;\u00e9tude et de publication. Phototh\u00e8que Le mus\u00e9e conserve une collection de photographies historiques et r\u00e9centes des pi\u00e8ces du &hellip; <a href=\"https:\/\/palazzospinola.cultura.gov.it\/fr\/phototheque-et-archives\/\">Leggi di pi\u00f9<\/a><\/p>\n","protected":false},"author":2,"featured_media":16660,"parent":0,"menu_order":0,"comment_status":"closed","ping_status":"closed","template":"","meta":{"_acf_changed":false,"footnotes":""},"class_list":["post-18383","page","type-page","status-publish","has-post-thumbnail","hentry"],"acf":[],"_links":{"self":[{"href":"https:\/\/palazzospinola.cultura.gov.it\/fr\/wp-json\/wp\/v2\/pages\/18383","targetHints":{"allow":["GET"]}}],"collection":[{"href":"https:\/\/palazzospinola.cultura.gov.it\/fr\/wp-json\/wp\/v2\/pages"}],"about":[{"href":"https:\/\/palazzospinola.cultura.gov.it\/fr\/wp-json\/wp\/v2\/types\/page"}],"author":[{"embeddable":true,"href":"https:\/\/palazzospinola.cultura.gov.it\/fr\/wp-json\/wp\/v2\/users\/2"}],"replies":[{"embeddable":true,"href":"https:\/\/palazzospinola.cultura.gov.it\/fr\/wp-json\/wp\/v2\/comments?post=18383"}],"version-history":[{"count":2,"href":"https:\/\/palazzospinola.cultura.gov.it\/fr\/wp-json\/wp\/v2\/pages\/18383\/revisions"}],"predecessor-version":[{"id":18394,"href":"https:\/\/palazzospinola.cultura.gov.it\/fr\/wp-json\/wp\/v2\/pages\/18383\/revisions\/18394"}],"wp:featuredmedia":[{"embeddable":true,"href":"https:\/\/palazzospinola.cultura.gov.it\/fr\/wp-json\/wp\/v2\/media\/16660"}],"wp:attachment":[{"href":"https:\/\/palazzospinola.cultura.gov.it\/fr\/wp-json\/wp\/v2\/media?parent=18383"}],"curies":[{"name":"wp","href":"https:\/\/api.w.org\/{rel}","templated":true}]}}